{"id":366208,"date":"2024-09-10T05:19:57","date_gmt":"2024-09-10T16:27:14","guid":{"rendered":"https:\/\/maisoncleo.com\/\/?post_type=product&#038;p=366208"},"modified":"2024-09-10T21:21:01","modified_gmt":"2024-09-10T19:21:01","slug":"jupe-portefeuille-jaune-a-motif-coquillages-et-crustaces","status":"publish","type":"product","link":"https:\/\/maisoncleo.com\/fr\/shop\/jupe-portefeuille-jaune-a-motif-coquillages-et-crustaces\/","title":{"rendered":"Jupe portefeuille jaune \u00e0 motif coquillages et crustac\u00e9s"},"content":{"rendered":"<p>Jupe portefeuille jaune \u00e0 motif coquillages et crustac\u00e9s.<\/p>\n<p>Parsem\u00e9e de coquillages et crustac\u00e9s oranges et bleus. Taille \u00e9lastiqu\u00e9e. Coupe \u00e9vas\u00e9e. Tissu jersey de maillot de bain l\u00e9ger et super doux, id\u00e9al pour la plage !<\/p>\n<p>Longueur \u00e0 plat: 36 cm.<\/p>\n<p>La mod\u00e8le mesure 1m71 et porte une taille S-36.<\/p>\n","protected":false},"excerpt":{"rendered":"<p>Jupe portefeuille jaune \u00e0 motif coquillages et crustac\u00e9s. Parsem\u00e9e de coquillages et crustac\u00e9s oranges et bleus. Taille \u00e9lastiqu\u00e9e. Coupe \u00e9vas\u00e9e. Tissu jersey&hellip;<\/p>\n","protected":false},"featured_media":350831,"template":"","meta":[],"product_brand":[],"product_cat":[672,668,661],"product_tag":[],"class_list":{"0":"post-366208","1":"product","2":"type-product","3":"status-publish","4":"has-post-thumbnail","6":"product_cat-jupes","7":"product_cat-capsule","8":"product_cat-tout-voir","9":"pa_taille-l-40-2","10":"pa_taille-m-38-2","11":"pa_taille-s-36-2","12":"pa_taille-sur-mesure-fr-2","13":"pa_taille-xl-42-fr-2","14":"pa_taille-xs-34-2","16":"first","17":"instock","18":"taxable","19":"shipping-taxable","20":"purchasable","21":"product-type-variable"},"_links":{"self":[{"href":"https:\/\/maisoncleo.com\/fr\/wp-json\/wp\/v2\/product\/366208","targetHints":{"allow":["GET"]}}],"collection":[{"href":"https:\/\/maisoncleo.com\/fr\/wp-json\/wp\/v2\/product"}],"about":[{"href":"https:\/\/maisoncleo.com\/fr\/wp-json\/wp\/v2\/types\/product"}],"version-history":[{"count":1,"href":"https:\/\/maisoncleo.com\/fr\/wp-json\/wp\/v2\/product\/366208\/revisions"}],"predecessor-version":[{"id":366239,"href":"https:\/\/maisoncleo.com\/fr\/wp-json\/wp\/v2\/product\/366208\/revisions\/366239"}],"wp:featuredmedia":[{"embeddable":true,"href":"https:\/\/maisoncleo.com\/fr\/wp-json\/wp\/v2\/media\/350831"}],"wp:attachment":[{"href":"https:\/\/maisoncleo.com\/fr\/wp-json\/wp\/v2\/media?parent=366208"}],"wp:term":[{"taxonomy":"product_brand","embeddable":true,"href":"https:\/\/maisoncleo.com\/fr\/wp-json\/wp\/v2\/product_brand?post=366208"},{"taxonomy":"product_cat","embeddable":true,"href":"https:\/\/maisoncleo.com\/fr\/wp-json\/wp\/v2\/product_cat?post=366208"},{"taxonomy":"product_tag","embeddable":true,"href":"https:\/\/maisoncleo.com\/fr\/wp-json\/wp\/v2\/product_tag?post=366208"}],"curies":[{"name":"wp","href":"https:\/\/api.w.org\/{rel}","templated":true}]}}