{"id":366201,"date":"2024-09-10T05:18:50","date_gmt":"2024-09-10T16:27:13","guid":{"rendered":"https:\/\/maisoncleo.com\/\/?post_type=product&#038;p=366201"},"modified":"2024-09-10T21:21:17","modified_gmt":"2024-09-10T19:21:17","slug":"haut-de-maillot-de-bain-bikini-a-motif-fleuri-noir-et-blanc","status":"publish","type":"product","link":"https:\/\/maisoncleo.com\/fr\/shop\/haut-de-maillot-de-bain-bikini-a-motif-fleuri-noir-et-blanc\/","title":{"rendered":"Haut de maillot de bain bikini \u00e0 motif fleuri noir et blanc"},"content":{"rendered":"<p>Haut de maillot de bain bikini \u00e0 motif fleuri noir et blanc.<\/p>\n<p>\u00c0 nouer dans le dos et la nuque. Ajustable. Doubl\u00e9.<\/p>\n<p>La mod\u00e8le mesure 1m71 et porte une taille 36.<\/p>\n","protected":false},"excerpt":{"rendered":"<p>Haut de maillot de bain bikini \u00e0 motif fleuri noir et blanc. \u00c0 nouer dans le dos et la nuque. Ajustable. Doubl\u00e9.&hellip;<\/p>\n","protected":false},"featured_media":351021,"template":"","meta":[],"product_brand":[],"product_cat":[673,668,661],"product_tag":[],"class_list":{"0":"post-366201","1":"product","2":"type-product","3":"status-publish","4":"has-post-thumbnail","6":"product_cat-maillots-de-bain","7":"product_cat-capsule","8":"product_cat-tout-voir","9":"pa_taille-l-40-2","10":"pa_taille-m-38-2","11":"pa_taille-s-36-2","12":"pa_taille-sur-mesure-fr-2","13":"pa_taille-xl-42-fr-2","14":"pa_taille-xs-34-2","16":"first","17":"instock","18":"taxable","19":"shipping-taxable","20":"purchasable","21":"product-type-variable"},"_links":{"self":[{"href":"https:\/\/maisoncleo.com\/fr\/wp-json\/wp\/v2\/product\/366201","targetHints":{"allow":["GET"]}}],"collection":[{"href":"https:\/\/maisoncleo.com\/fr\/wp-json\/wp\/v2\/product"}],"about":[{"href":"https:\/\/maisoncleo.com\/fr\/wp-json\/wp\/v2\/types\/product"}],"version-history":[{"count":1,"href":"https:\/\/maisoncleo.com\/fr\/wp-json\/wp\/v2\/product\/366201\/revisions"}],"predecessor-version":[{"id":366321,"href":"https:\/\/maisoncleo.com\/fr\/wp-json\/wp\/v2\/product\/366201\/revisions\/366321"}],"wp:featuredmedia":[{"embeddable":true,"href":"https:\/\/maisoncleo.com\/fr\/wp-json\/wp\/v2\/media\/351021"}],"wp:attachment":[{"href":"https:\/\/maisoncleo.com\/fr\/wp-json\/wp\/v2\/media?parent=366201"}],"wp:term":[{"taxonomy":"product_brand","embeddable":true,"href":"https:\/\/maisoncleo.com\/fr\/wp-json\/wp\/v2\/product_brand?post=366201"},{"taxonomy":"product_cat","embeddable":true,"href":"https:\/\/maisoncleo.com\/fr\/wp-json\/wp\/v2\/product_cat?post=366201"},{"taxonomy":"product_tag","embeddable":true,"href":"https:\/\/maisoncleo.com\/fr\/wp-json\/wp\/v2\/product_tag?post=366201"}],"curies":[{"name":"wp","href":"https:\/\/api.w.org\/{rel}","templated":true}]}}