{"id":366200,"date":"2024-09-10T05:18:50","date_gmt":"2024-09-10T16:27:13","guid":{"rendered":"https:\/\/maisoncleo.com\/\/?post_type=product&#038;p=366200"},"modified":"2024-09-10T21:21:18","modified_gmt":"2024-09-10T19:21:18","slug":"bas-de-maillot-de-bain-bikini-liens-motif-fleuri","status":"publish","type":"product","link":"https:\/\/maisoncleo.com\/fr\/shop\/bas-de-maillot-de-bain-bikini-liens-motif-fleuri\/","title":{"rendered":"Bas de maillot de bain bikini liens motif fleuri"},"content":{"rendered":"<p>Bas de maillot de bain bikini liens motif fleuri.<\/p>\n<p>Ajustable avec liens sur les c\u00f4t\u00e9s. Doubl\u00e9.<\/p>\n<p>La mod\u00e8le mesure 1m71 et porte une taille S-36.<\/p>\n","protected":false},"excerpt":{"rendered":"<p>Bas de maillot de bain bikini liens motif fleuri. Ajustable avec liens sur les c\u00f4t\u00e9s. Doubl\u00e9. La mod\u00e8le mesure 1m71 et porte&hellip;<\/p>\n","protected":false},"featured_media":351026,"template":"","meta":[],"product_brand":[],"product_cat":[673,668,661],"product_tag":[],"class_list":{"0":"post-366200","1":"product","2":"type-product","3":"status-publish","4":"has-post-thumbnail","6":"product_cat-maillots-de-bain","7":"product_cat-capsule","8":"product_cat-tout-voir","9":"pa_taille-l-40-2","10":"pa_taille-m-38-2","11":"pa_taille-s-36-2","12":"pa_taille-sur-mesure-fr-2","13":"pa_taille-xl-42-fr-2","14":"pa_taille-xs-34-2","16":"first","17":"instock","18":"taxable","19":"shipping-taxable","20":"purchasable","21":"product-type-variable"},"_links":{"self":[{"href":"https:\/\/maisoncleo.com\/fr\/wp-json\/wp\/v2\/product\/366200","targetHints":{"allow":["GET"]}}],"collection":[{"href":"https:\/\/maisoncleo.com\/fr\/wp-json\/wp\/v2\/product"}],"about":[{"href":"https:\/\/maisoncleo.com\/fr\/wp-json\/wp\/v2\/types\/product"}],"version-history":[{"count":1,"href":"https:\/\/maisoncleo.com\/fr\/wp-json\/wp\/v2\/product\/366200\/revisions"}],"predecessor-version":[{"id":366335,"href":"https:\/\/maisoncleo.com\/fr\/wp-json\/wp\/v2\/product\/366200\/revisions\/366335"}],"wp:featuredmedia":[{"embeddable":true,"href":"https:\/\/maisoncleo.com\/fr\/wp-json\/wp\/v2\/media\/351026"}],"wp:attachment":[{"href":"https:\/\/maisoncleo.com\/fr\/wp-json\/wp\/v2\/media?parent=366200"}],"wp:term":[{"taxonomy":"product_brand","embeddable":true,"href":"https:\/\/maisoncleo.com\/fr\/wp-json\/wp\/v2\/product_brand?post=366200"},{"taxonomy":"product_cat","embeddable":true,"href":"https:\/\/maisoncleo.com\/fr\/wp-json\/wp\/v2\/product_cat?post=366200"},{"taxonomy":"product_tag","embeddable":true,"href":"https:\/\/maisoncleo.com\/fr\/wp-json\/wp\/v2\/product_tag?post=366200"}],"curies":[{"name":"wp","href":"https:\/\/api.w.org\/{rel}","templated":true}]}}