{"id":366189,"date":"2024-09-10T05:18:50","date_gmt":"2024-09-10T16:26:47","guid":{"rendered":"https:\/\/maisoncleo.com\/\/?post_type=product&#038;p=366189"},"modified":"2024-09-10T21:20:59","modified_gmt":"2024-09-10T19:20:59","slug":"blouse-fleurie-rose-ton-sur-ton-en-soie-vanessa","status":"publish","type":"product","link":"https:\/\/maisoncleo.com\/fr\/shop\/blouse-fleurie-rose-ton-sur-ton-en-soie-vanessa\/","title":{"rendered":"Blouse fleurie rose ton-sur-ton en soie VANESSA"},"content":{"rendered":"<p>Notre blouse Vanessa en version fleurie rose ton-sur-ton en soie.<\/p>\n<p>R\u00e9alis\u00e9e dans une soie ton-sur-ton fleurie tr\u00e8s sp\u00e9ciale et pr\u00e9cieuse. D\u00e9collet\u00e9 en V, deux liens sur le devant. Petites manches bouffantes. Ajust\u00e9e. 100% soie.<\/p>\n<p>La plus adorable petite blouse dont vous avez toujours r\u00eav\u00e9!&lt;3<\/p>\n<p>La mod\u00e8le mesure 1m71 et porte une taille S-36.<\/p>\n","protected":false},"excerpt":{"rendered":"<p>Notre blouse Vanessa en version fleurie rose ton-sur-ton en soie. R\u00e9alis\u00e9e dans une soie ton-sur-ton fleurie tr\u00e8s sp\u00e9ciale et pr\u00e9cieuse. D\u00e9collet\u00e9 en&hellip;<\/p>\n","protected":false},"featured_media":350768,"template":"","meta":[],"product_brand":[],"product_cat":[663,668,661],"product_tag":[],"class_list":{"0":"post-366189","1":"product","2":"type-product","3":"status-publish","4":"has-post-thumbnail","6":"product_cat-blouses","7":"product_cat-capsule","8":"product_cat-tout-voir","9":"pa_taille-l-40-2","10":"pa_taille-m-38-2","11":"pa_taille-s-36-2","12":"pa_taille-sur-mesure-fr-2","13":"pa_taille-xl-42-fr-2","14":"pa_taille-xs-34-2","16":"first","17":"outofstock","18":"taxable","19":"shipping-taxable","20":"purchasable","21":"product-type-variable"},"_links":{"self":[{"href":"https:\/\/maisoncleo.com\/fr\/wp-json\/wp\/v2\/product\/366189","targetHints":{"allow":["GET"]}}],"collection":[{"href":"https:\/\/maisoncleo.com\/fr\/wp-json\/wp\/v2\/product"}],"about":[{"href":"https:\/\/maisoncleo.com\/fr\/wp-json\/wp\/v2\/types\/product"}],"version-history":[{"count":1,"href":"https:\/\/maisoncleo.com\/fr\/wp-json\/wp\/v2\/product\/366189\/revisions"}],"predecessor-version":[{"id":366225,"href":"https:\/\/maisoncleo.com\/fr\/wp-json\/wp\/v2\/product\/366189\/revisions\/366225"}],"wp:featuredmedia":[{"embeddable":true,"href":"https:\/\/maisoncleo.com\/fr\/wp-json\/wp\/v2\/media\/350768"}],"wp:attachment":[{"href":"https:\/\/maisoncleo.com\/fr\/wp-json\/wp\/v2\/media?parent=366189"}],"wp:term":[{"taxonomy":"product_brand","embeddable":true,"href":"https:\/\/maisoncleo.com\/fr\/wp-json\/wp\/v2\/product_brand?post=366189"},{"taxonomy":"product_cat","embeddable":true,"href":"https:\/\/maisoncleo.com\/fr\/wp-json\/wp\/v2\/product_cat?post=366189"},{"taxonomy":"product_tag","embeddable":true,"href":"https:\/\/maisoncleo.com\/fr\/wp-json\/wp\/v2\/product_tag?post=366189"}],"curies":[{"name":"wp","href":"https:\/\/api.w.org\/{rel}","templated":true}]}}