{"id":366151,"date":"2024-09-10T05:13:43","date_gmt":"2024-09-10T03:13:43","guid":{"rendered":"https:\/\/maisoncleo.com\/\/?post_type=product&#038;p=366151"},"modified":"2026-03-08T16:36:41","modified_gmt":"2026-03-08T14:36:41","slug":"longue-robe-sirene-tricotee-a-sequins-blanche-neige","status":"publish","type":"product","link":"https:\/\/maisoncleo.com\/fr\/shop\/longue-robe-sirene-tricotee-a-sequins-blanche-neige\/","title":{"rendered":"Longue robe sir\u00e8ne tricot\u00e9e \u00e0 sequins blanche neige Tristana"},"content":{"rendered":"<p>Notre longue robe sir\u00e8ne tricot\u00e9e \u00e0 sequins blanche neige.<\/p>\n<p>Fines bretelles, d\u00e9collet\u00e9e. Coupe ajust\u00e9e. Finitions inspiration queue de sir\u00e8ne, fente sur chaque c\u00f4t\u00e9.<\/p>\n<p>Soigneusement tricot\u00e9e par nos tricoteuses avec un fil incrust\u00e9 de sequins blancs neige. Cette fois, c&rsquo;est pour nos reines du disco !<\/p>\n<p>Nous avons besoin de trois heures pour faire une robe.<\/p>\n<p>Nous pouvons faire 13 robes dans ce fil sp\u00e9cial.<\/p>\n<p>Longueur \u00e0 plat: 118 cm. Encolure: 11 cm. Fente: 30 cm.<\/p>\n<p>La mod\u00e8le mesure 1m73 et porte une taille M-38.<\/p>\n","protected":false},"excerpt":{"rendered":"<p>Notre longue robe sir\u00e8ne tricot\u00e9e \u00e0 sequins blanche neige. Fines bretelles, d\u00e9collet\u00e9e. Coupe ajust\u00e9e. Finitions inspiration queue de sir\u00e8ne, fente sur chaque&hellip;<\/p>\n","protected":false},"featured_media":351504,"template":"","meta":[],"product_brand":[],"product_cat":[666,958,668,664,661],"product_tag":[],"class_list":{"0":"post-366151","1":"product","2":"type-product","3":"status-publish","4":"has-post-thumbnail","6":"product_cat-mailles","7":"product_cat-mariage-selection","8":"product_cat-capsule","9":"product_cat-robes","10":"product_cat-tout-voir","12":"first","13":"instock","14":"taxable","15":"shipping-taxable","16":"purchasable","17":"product-type-variable"},"_links":{"self":[{"href":"https:\/\/maisoncleo.com\/fr\/wp-json\/wp\/v2\/product\/366151","targetHints":{"allow":["GET"]}}],"collection":[{"href":"https:\/\/maisoncleo.com\/fr\/wp-json\/wp\/v2\/product"}],"about":[{"href":"https:\/\/maisoncleo.com\/fr\/wp-json\/wp\/v2\/types\/product"}],"version-history":[{"count":2,"href":"https:\/\/maisoncleo.com\/fr\/wp-json\/wp\/v2\/product\/366151\/revisions"}],"predecessor-version":[{"id":394521,"href":"https:\/\/maisoncleo.com\/fr\/wp-json\/wp\/v2\/product\/366151\/revisions\/394521"}],"wp:featuredmedia":[{"embeddable":true,"href":"https:\/\/maisoncleo.com\/fr\/wp-json\/wp\/v2\/media\/351504"}],"wp:attachment":[{"href":"https:\/\/maisoncleo.com\/fr\/wp-json\/wp\/v2\/media?parent=366151"}],"wp:term":[{"taxonomy":"product_brand","embeddable":true,"href":"https:\/\/maisoncleo.com\/fr\/wp-json\/wp\/v2\/product_brand?post=366151"},{"taxonomy":"product_cat","embeddable":true,"href":"https:\/\/maisoncleo.com\/fr\/wp-json\/wp\/v2\/product_cat?post=366151"},{"taxonomy":"product_tag","embeddable":true,"href":"https:\/\/maisoncleo.com\/fr\/wp-json\/wp\/v2\/product_tag?post=366151"}],"curies":[{"name":"wp","href":"https:\/\/api.w.org\/{rel}","templated":true}]}}