{"id":366139,"date":"2024-09-10T05:12:07","date_gmt":"2024-09-10T16:25:34","guid":{"rendered":"https:\/\/maisoncleo.com\/\/?post_type=product&#038;p=366139"},"modified":"2024-09-10T21:20:50","modified_gmt":"2024-09-10T19:20:50","slug":"jupe-mi-longue-a-motif-coquelicots-rouges-en-soie","status":"publish","type":"product","link":"https:\/\/maisoncleo.com\/fr\/shop\/jupe-mi-longue-a-motif-coquelicots-rouges-en-soie\/","title":{"rendered":"Jupe mi-longue \u00e0 motif coquelicots rouges en soie"},"content":{"rendered":"<p>Jupe mi-longue \u00e0 motif coquelicots rouges en soie.<\/p>\n<p>Taille \u00e9lastiqu\u00e9e, petite noeud ruban noir sur le devant. Finition bourdon. Coupe \u00e9vas\u00e9e. 100% soie, opaque.<\/p>\n<p>L&rsquo;ensemble parfait pour une romance d&rsquo;\u00e9t\u00e9 parisienne.<\/p>\n<p>Longueur totale \u00e0 plat: 65 cm.<\/p>\n<p>La mod\u00e8le mesure 1m73 et porte une taille S-36.<\/p>\n","protected":false},"excerpt":{"rendered":"<p>Jupe mi-longue \u00e0 motif coquelicots rouges en soie. Taille \u00e9lastiqu\u00e9e, petite noeud ruban noir sur le devant. Finition bourdon. Coupe \u00e9vas\u00e9e. 100%&hellip;<\/p>\n","protected":false},"featured_media":350632,"template":"","meta":[],"product_brand":[],"product_cat":[667,672,668,661],"product_tag":[],"class_list":{"0":"post-366139","1":"product","2":"type-product","3":"status-publish","4":"has-post-thumbnail","6":"product_cat-dernieres-pieces","7":"product_cat-jupes","8":"product_cat-capsule","9":"product_cat-tout-voir","10":"pa_taille-l-40-2","11":"pa_taille-m-38-2","12":"pa_taille-s-36-2","13":"pa_taille-sur-mesure-fr-2","14":"pa_taille-xl-42-fr-2","15":"pa_taille-xs-34-2","17":"first","18":"outofstock","19":"taxable","20":"shipping-taxable","21":"purchasable","22":"product-type-variable"},"_links":{"self":[{"href":"https:\/\/maisoncleo.com\/fr\/wp-json\/wp\/v2\/product\/366139","targetHints":{"allow":["GET"]}}],"collection":[{"href":"https:\/\/maisoncleo.com\/fr\/wp-json\/wp\/v2\/product"}],"about":[{"href":"https:\/\/maisoncleo.com\/fr\/wp-json\/wp\/v2\/types\/product"}],"version-history":[{"count":1,"href":"https:\/\/maisoncleo.com\/fr\/wp-json\/wp\/v2\/product\/366139\/revisions"}],"predecessor-version":[{"id":366165,"href":"https:\/\/maisoncleo.com\/fr\/wp-json\/wp\/v2\/product\/366139\/revisions\/366165"}],"wp:featuredmedia":[{"embeddable":true,"href":"https:\/\/maisoncleo.com\/fr\/wp-json\/wp\/v2\/media\/350632"}],"wp:attachment":[{"href":"https:\/\/maisoncleo.com\/fr\/wp-json\/wp\/v2\/media?parent=366139"}],"wp:term":[{"taxonomy":"product_brand","embeddable":true,"href":"https:\/\/maisoncleo.com\/fr\/wp-json\/wp\/v2\/product_brand?post=366139"},{"taxonomy":"product_cat","embeddable":true,"href":"https:\/\/maisoncleo.com\/fr\/wp-json\/wp\/v2\/product_cat?post=366139"},{"taxonomy":"product_tag","embeddable":true,"href":"https:\/\/maisoncleo.com\/fr\/wp-json\/wp\/v2\/product_tag?post=366139"}],"curies":[{"name":"wp","href":"https:\/\/api.w.org\/{rel}","templated":true}]}}