{"id":366067,"date":"2024-09-10T04:59:25","date_gmt":"2024-09-10T16:23:07","guid":{"rendered":"https:\/\/maisoncleo.com\/\/?post_type=product&#038;p=366067"},"modified":"2024-09-10T21:20:40","modified_gmt":"2024-09-10T19:20:40","slug":"chemise-en-crochet-ajoure-blanche","status":"publish","type":"product","link":"https:\/\/maisoncleo.com\/fr\/shop\/chemise-en-crochet-ajoure-blanche\/","title":{"rendered":"Chemise en crochet ajour\u00e9 blanche"},"content":{"rendered":"<p>Chemise en crochet ajour\u00e9 blanche.<\/p>\n<p>Petit col pointu. Fermeture \u00e0 cinq boutons. Taille \u00e9lastiqu\u00e9e sur le devant, effet ajust\u00e9. Travail d&rsquo;ajour\u00e9 laissant entrevoir la peau.<\/p>\n<p>Un look super \u00e9l\u00e9gant \u00e0 porter pardessus votre bikini! Ou \u00e0 la ville car ne n&rsquo;est pas transparent malgr\u00e9 l&rsquo;effet crochet &lt;3<\/p>\n<p>Nous pouvons faire 6 chemises dans ce tissu.<\/p>\n<p>Longueur \u00e0 plat: 51 cm.<\/p>\n<p>La mod\u00e8le mesure 1m71 et porte une taille S-36.<\/p>\n","protected":false},"excerpt":{"rendered":"<p>Chemise en crochet ajour\u00e9 blanche. Petit col pointu. Fermeture \u00e0 cinq boutons. Taille \u00e9lastiqu\u00e9e sur le devant, effet ajust\u00e9. Travail d&rsquo;ajour\u00e9 laissant&hellip;<\/p>\n","protected":false},"featured_media":350431,"template":"","meta":[],"product_brand":[],"product_cat":[663,667,668,661],"product_tag":[],"class_list":{"0":"post-366067","1":"product","2":"type-product","3":"status-publish","4":"has-post-thumbnail","6":"product_cat-blouses","7":"product_cat-dernieres-pieces","8":"product_cat-capsule","9":"product_cat-tout-voir","10":"pa_taille-l-40-2","11":"pa_taille-m-38-2","12":"pa_taille-s-36-2","13":"pa_taille-sur-mesure-fr-2","14":"pa_taille-xl-42-fr-2","15":"pa_taille-xs-34-2","17":"first","18":"outofstock","19":"taxable","20":"shipping-taxable","21":"purchasable","22":"product-type-variable"},"_links":{"self":[{"href":"https:\/\/maisoncleo.com\/fr\/wp-json\/wp\/v2\/product\/366067","targetHints":{"allow":["GET"]}}],"collection":[{"href":"https:\/\/maisoncleo.com\/fr\/wp-json\/wp\/v2\/product"}],"about":[{"href":"https:\/\/maisoncleo.com\/fr\/wp-json\/wp\/v2\/types\/product"}],"version-history":[{"count":1,"href":"https:\/\/maisoncleo.com\/fr\/wp-json\/wp\/v2\/product\/366067\/revisions"}],"predecessor-version":[{"id":366096,"href":"https:\/\/maisoncleo.com\/fr\/wp-json\/wp\/v2\/product\/366067\/revisions\/366096"}],"wp:featuredmedia":[{"embeddable":true,"href":"https:\/\/maisoncleo.com\/fr\/wp-json\/wp\/v2\/media\/350431"}],"wp:attachment":[{"href":"https:\/\/maisoncleo.com\/fr\/wp-json\/wp\/v2\/media?parent=366067"}],"wp:term":[{"taxonomy":"product_brand","embeddable":true,"href":"https:\/\/maisoncleo.com\/fr\/wp-json\/wp\/v2\/product_brand?post=366067"},{"taxonomy":"product_cat","embeddable":true,"href":"https:\/\/maisoncleo.com\/fr\/wp-json\/wp\/v2\/product_cat?post=366067"},{"taxonomy":"product_tag","embeddable":true,"href":"https:\/\/maisoncleo.com\/fr\/wp-json\/wp\/v2\/product_tag?post=366067"}],"curies":[{"name":"wp","href":"https:\/\/api.w.org\/{rel}","templated":true}]}}