{"id":366050,"date":"2024-09-10T04:55:22","date_gmt":"2024-09-10T16:22:19","guid":{"rendered":"https:\/\/maisoncleo.com\/\/?post_type=product&#038;p=366050"},"modified":"2024-09-10T21:20:37","modified_gmt":"2024-09-10T19:20:37","slug":"robe-babydoll-en-jersey-pointelle-blanc","status":"publish","type":"product","link":"https:\/\/maisoncleo.com\/fr\/shop\/robe-babydoll-en-jersey-pointelle-blanc\/","title":{"rendered":"Robe babydoll en jersey pointelle blanc"},"content":{"rendered":"<p>Robe babydoll en jersey pointelle blanc.<\/p>\n<p>Ajour\u00e9 lignes verticales et losanges. Col d\u00e9collet\u00e9 et dos l\u00e9g\u00e8rement ouvert. Col et dessous de buste \u00e9lastiqu\u00e9s, petit noeud sur le devant. Petites manches bouffantes. Coupe flare. 100% coton.<\/p>\n<p>Nous pouvons faire 10 robes dans ce tissu.<\/p>\n<p>Longueur \u00e0 plat: 63 cm.<\/p>\n<p>La mod\u00e8le mesure 1m71 et porte une taille S-36.<\/p>\n","protected":false},"excerpt":{"rendered":"<p>Robe babydoll en jersey pointelle blanc. Ajour\u00e9 lignes verticales et losanges. Col d\u00e9collet\u00e9 et dos l\u00e9g\u00e8rement ouvert. Col et dessous de buste&hellip;<\/p>\n","protected":false},"featured_media":350369,"template":"","meta":[],"product_brand":[],"product_cat":[667,668,664,661],"product_tag":[],"class_list":{"0":"post-366050","1":"product","2":"type-product","3":"status-publish","4":"has-post-thumbnail","6":"product_cat-dernieres-pieces","7":"product_cat-capsule","8":"product_cat-robes","9":"product_cat-tout-voir","10":"pa_taille-l-40-2","11":"pa_taille-m-38-2","12":"pa_taille-s-36-2","13":"pa_taille-sur-mesure-fr-2","14":"pa_taille-xl-42-fr-2","15":"pa_taille-xs-34-2","17":"first","18":"instock","19":"taxable","20":"shipping-taxable","21":"purchasable","22":"product-type-variable"},"_links":{"self":[{"href":"https:\/\/maisoncleo.com\/fr\/wp-json\/wp\/v2\/product\/366050","targetHints":{"allow":["GET"]}}],"collection":[{"href":"https:\/\/maisoncleo.com\/fr\/wp-json\/wp\/v2\/product"}],"about":[{"href":"https:\/\/maisoncleo.com\/fr\/wp-json\/wp\/v2\/types\/product"}],"version-history":[{"count":1,"href":"https:\/\/maisoncleo.com\/fr\/wp-json\/wp\/v2\/product\/366050\/revisions"}],"predecessor-version":[{"id":366086,"href":"https:\/\/maisoncleo.com\/fr\/wp-json\/wp\/v2\/product\/366050\/revisions\/366086"}],"wp:featuredmedia":[{"embeddable":true,"href":"https:\/\/maisoncleo.com\/fr\/wp-json\/wp\/v2\/media\/350369"}],"wp:attachment":[{"href":"https:\/\/maisoncleo.com\/fr\/wp-json\/wp\/v2\/media?parent=366050"}],"wp:term":[{"taxonomy":"product_brand","embeddable":true,"href":"https:\/\/maisoncleo.com\/fr\/wp-json\/wp\/v2\/product_brand?post=366050"},{"taxonomy":"product_cat","embeddable":true,"href":"https:\/\/maisoncleo.com\/fr\/wp-json\/wp\/v2\/product_cat?post=366050"},{"taxonomy":"product_tag","embeddable":true,"href":"https:\/\/maisoncleo.com\/fr\/wp-json\/wp\/v2\/product_tag?post=366050"}],"curies":[{"name":"wp","href":"https:\/\/api.w.org\/{rel}","templated":true}]}}