{"id":366034,"date":"2024-09-10T04:52:28","date_gmt":"2024-09-10T16:21:55","guid":{"rendered":"https:\/\/maisoncleo.com\/\/?post_type=product&#038;p=366034"},"modified":"2025-04-29T21:34:31","modified_gmt":"2025-04-29T19:34:31","slug":"mini-jupe-en-jean-bleu-fonce-a-motif-roses-delavees","status":"publish","type":"product","link":"https:\/\/maisoncleo.com\/fr\/shop\/mini-jupe-en-jean-bleu-fonce-a-motif-roses-delavees\/","title":{"rendered":"Mini jupe en jean bleu fonc\u00e9 \u00e0 motif roses d\u00e9lav\u00e9es"},"content":{"rendered":"<p>Mini jupe en jean bleu fonc\u00e9 \u00e0 motif roses d\u00e9lav\u00e9es.<\/p>\n<p>D\u00e9tail de surpiq\u00fbres blanches, inspiration cowboy. Fermeture \u00e9clair sur le devant, un bouton sur le devant, cinq passants de ceinture. Deux poches italiennes &amp; deux poches plaqu\u00e9es arri\u00e8res. Coupe droite. 100% coton.<\/p>\n<p>Un ensemble \u00e9l\u00e9gant \u00e0 enfiler facilement lorsqu&rsquo;on est en retard pour son retrouver son amoureux! Tout aussi parfait pour aller planter des roses sauvages!<\/p>\n<p>Nous pouvons seulement faire 2 jupes dans ce tissu.<\/p>\n<p>Longueur \u00e0 plat: 34 cm.<\/p>\n<p>La mod\u00e8le mesure 1m71 et porte une taille S-36.<\/p>\n","protected":false},"excerpt":{"rendered":"<p>Mini jupe en jean bleu fonc\u00e9 \u00e0 motif roses d\u00e9lav\u00e9es. D\u00e9tail de surpiq\u00fbres blanches, inspiration cowboy. Fermeture \u00e9clair sur le devant, un&hellip;<\/p>\n","protected":false},"featured_media":350282,"template":"","meta":[],"product_brand":[],"product_cat":[667,672,668,661],"product_tag":[],"class_list":{"0":"post-366034","1":"product","2":"type-product","3":"status-publish","4":"has-post-thumbnail","6":"product_cat-dernieres-pieces","7":"product_cat-jupes","8":"product_cat-capsule","9":"product_cat-tout-voir","10":"pa_taille-l-40-2","11":"pa_taille-m-38-2","12":"pa_taille-s-36-2","13":"pa_taille-sur-mesure-fr-2","14":"pa_taille-xl-42-fr-2","15":"pa_taille-xs-34-2","17":"first","18":"outofstock","19":"taxable","20":"shipping-taxable","21":"purchasable","22":"product-type-variable"},"_links":{"self":[{"href":"https:\/\/maisoncleo.com\/fr\/wp-json\/wp\/v2\/product\/366034","targetHints":{"allow":["GET"]}}],"collection":[{"href":"https:\/\/maisoncleo.com\/fr\/wp-json\/wp\/v2\/product"}],"about":[{"href":"https:\/\/maisoncleo.com\/fr\/wp-json\/wp\/v2\/types\/product"}],"version-history":[{"count":1,"href":"https:\/\/maisoncleo.com\/fr\/wp-json\/wp\/v2\/product\/366034\/revisions"}],"predecessor-version":[{"id":366064,"href":"https:\/\/maisoncleo.com\/fr\/wp-json\/wp\/v2\/product\/366034\/revisions\/366064"}],"wp:featuredmedia":[{"embeddable":true,"href":"https:\/\/maisoncleo.com\/fr\/wp-json\/wp\/v2\/media\/350282"}],"wp:attachment":[{"href":"https:\/\/maisoncleo.com\/fr\/wp-json\/wp\/v2\/media?parent=366034"}],"wp:term":[{"taxonomy":"product_brand","embeddable":true,"href":"https:\/\/maisoncleo.com\/fr\/wp-json\/wp\/v2\/product_brand?post=366034"},{"taxonomy":"product_cat","embeddable":true,"href":"https:\/\/maisoncleo.com\/fr\/wp-json\/wp\/v2\/product_cat?post=366034"},{"taxonomy":"product_tag","embeddable":true,"href":"https:\/\/maisoncleo.com\/fr\/wp-json\/wp\/v2\/product_tag?post=366034"}],"curies":[{"name":"wp","href":"https:\/\/api.w.org\/{rel}","templated":true}]}}