{"id":366007,"date":"2024-09-10T04:48:26","date_gmt":"2024-09-10T16:20:09","guid":{"rendered":"https:\/\/maisoncleo.com\/\/?post_type=product&#038;p=366007"},"modified":"2024-09-10T21:20:30","modified_gmt":"2024-09-10T19:20:30","slug":"t-shirt-mariniere-bleu-fonce-a-col-bateau","status":"publish","type":"product","link":"https:\/\/maisoncleo.com\/fr\/shop\/t-shirt-mariniere-bleu-fonce-a-col-bateau\/","title":{"rendered":"T-shirt marini\u00e8re bleu fonc\u00e9 \u00e0 col bateau"},"content":{"rendered":"<p>T-shirt marini\u00e8re bleu fonc\u00e9 \u00e0 col bateau.<\/p>\n<p>Petit noeud blanc sur le col. Manches finitions bourdon. Tissu fluide gaufr\u00e9. Coupe ajust\u00e9e, col bateau.<\/p>\n<p>Parfaite pour une promenade en bord de mer dans un r\u00eave de marini\u00e8re fran\u00e7aise!<\/p>\n<p>Nous pouvons faire 7 t-shirts dans ce tissu.<\/p>\n<p>Longueur \u00e0 plat: 36 cm.<\/p>\n<p>La mod\u00e8le mesure 1m71 et porte une taille S-36.<\/p>\n","protected":false},"excerpt":{"rendered":"<p>T-shirt marini\u00e8re bleu fonc\u00e9 \u00e0 col bateau. Petit noeud blanc sur le col. Manches finitions bourdon. Tissu fluide gaufr\u00e9. Coupe ajust\u00e9e, col&hellip;<\/p>\n","protected":false},"featured_media":350210,"template":"","meta":[],"product_brand":[],"product_cat":[667,668,674,661],"product_tag":[],"class_list":{"0":"post-366007","1":"product","2":"type-product","3":"status-publish","4":"has-post-thumbnail","6":"product_cat-dernieres-pieces","7":"product_cat-capsule","8":"product_cat-tops","9":"product_cat-tout-voir","10":"pa_taille-l-40-2","11":"pa_taille-m-38-2","12":"pa_taille-s-36-2","13":"pa_taille-sur-mesure-fr-2","14":"pa_taille-xl-42-fr-2","15":"pa_taille-xs-34-2","17":"first","18":"instock","19":"taxable","20":"shipping-taxable","21":"purchasable","22":"product-type-variable"},"_links":{"self":[{"href":"https:\/\/maisoncleo.com\/fr\/wp-json\/wp\/v2\/product\/366007","targetHints":{"allow":["GET"]}}],"collection":[{"href":"https:\/\/maisoncleo.com\/fr\/wp-json\/wp\/v2\/product"}],"about":[{"href":"https:\/\/maisoncleo.com\/fr\/wp-json\/wp\/v2\/types\/product"}],"version-history":[{"count":1,"href":"https:\/\/maisoncleo.com\/fr\/wp-json\/wp\/v2\/product\/366007\/revisions"}],"predecessor-version":[{"id":366042,"href":"https:\/\/maisoncleo.com\/fr\/wp-json\/wp\/v2\/product\/366007\/revisions\/366042"}],"wp:featuredmedia":[{"embeddable":true,"href":"https:\/\/maisoncleo.com\/fr\/wp-json\/wp\/v2\/media\/350210"}],"wp:attachment":[{"href":"https:\/\/maisoncleo.com\/fr\/wp-json\/wp\/v2\/media?parent=366007"}],"wp:term":[{"taxonomy":"product_brand","embeddable":true,"href":"https:\/\/maisoncleo.com\/fr\/wp-json\/wp\/v2\/product_brand?post=366007"},{"taxonomy":"product_cat","embeddable":true,"href":"https:\/\/maisoncleo.com\/fr\/wp-json\/wp\/v2\/product_cat?post=366007"},{"taxonomy":"product_tag","embeddable":true,"href":"https:\/\/maisoncleo.com\/fr\/wp-json\/wp\/v2\/product_tag?post=366007"}],"curies":[{"name":"wp","href":"https:\/\/api.w.org\/{rel}","templated":true}]}}