{"id":366005,"date":"2024-09-10T04:48:26","date_gmt":"2024-09-10T16:20:08","guid":{"rendered":"https:\/\/maisoncleo.com\/\/?post_type=product&#038;p=366005"},"modified":"2024-09-10T21:20:29","modified_gmt":"2024-09-10T19:20:29","slug":"jupe-longue-mariniere-bleu-foncee-boutonnee-avec-fentes-ajustables","status":"publish","type":"product","link":"https:\/\/maisoncleo.com\/fr\/shop\/jupe-longue-mariniere-bleu-foncee-boutonnee-avec-fentes-ajustables\/","title":{"rendered":"Jupe longue marini\u00e8re bleu fonc\u00e9e boutonn\u00e9e avec fentes ajustables"},"content":{"rendered":"<p>Jupe longue marini\u00e8re bleu fonc\u00e9e boutonn\u00e9e avec fentes ajustables.<\/p>\n<p>Tissu fluide gaufr\u00e9, moulant, longueur chevilles. Fentes ajustables gr\u00e2ce \u00e0 une s\u00e9rie de six petits boutons. Deux fa\u00e7ons de la porter: boutons enti\u00e8rement ouverts ou ferm\u00e9s.<\/p>\n<p>Parfaite pour une promenade en bord de mer dans un r\u00eave de marini\u00e8re fran\u00e7aise!<\/p>\n<p>Nous pouvons faire 7 jupes dans ce tissu.<\/p>\n<p>Longueur \u00e0 plat: 89 cm.<\/p>\n<p>La mod\u00e8le mesure 1m71 et porte une taille S-36.<\/p>\n","protected":false},"excerpt":{"rendered":"<p>Jupe longue marini\u00e8re bleu fonc\u00e9e boutonn\u00e9e avec fentes ajustables. Tissu fluide gaufr\u00e9, moulant, longueur chevilles. Fentes ajustables gr\u00e2ce \u00e0 une s\u00e9rie de&hellip;<\/p>\n","protected":false},"featured_media":350187,"template":"","meta":[],"product_brand":[],"product_cat":[667,672,668,661],"product_tag":[],"class_list":{"0":"post-366005","1":"product","2":"type-product","3":"status-publish","4":"has-post-thumbnail","6":"product_cat-dernieres-pieces","7":"product_cat-jupes","8":"product_cat-capsule","9":"product_cat-tout-voir","10":"pa_taille-l-40-2","11":"pa_taille-m-38-2","12":"pa_taille-s-36-2","13":"pa_taille-sur-mesure-fr-2","14":"pa_taille-xl-42-fr-2","15":"pa_taille-xs-34-2","17":"first","18":"outofstock","19":"taxable","20":"shipping-taxable","21":"purchasable","22":"product-type-variable"},"_links":{"self":[{"href":"https:\/\/maisoncleo.com\/fr\/wp-json\/wp\/v2\/product\/366005","targetHints":{"allow":["GET"]}}],"collection":[{"href":"https:\/\/maisoncleo.com\/fr\/wp-json\/wp\/v2\/product"}],"about":[{"href":"https:\/\/maisoncleo.com\/fr\/wp-json\/wp\/v2\/types\/product"}],"version-history":[{"count":1,"href":"https:\/\/maisoncleo.com\/fr\/wp-json\/wp\/v2\/product\/366005\/revisions"}],"predecessor-version":[{"id":366030,"href":"https:\/\/maisoncleo.com\/fr\/wp-json\/wp\/v2\/product\/366005\/revisions\/366030"}],"wp:featuredmedia":[{"embeddable":true,"href":"https:\/\/maisoncleo.com\/fr\/wp-json\/wp\/v2\/media\/350187"}],"wp:attachment":[{"href":"https:\/\/maisoncleo.com\/fr\/wp-json\/wp\/v2\/media?parent=366005"}],"wp:term":[{"taxonomy":"product_brand","embeddable":true,"href":"https:\/\/maisoncleo.com\/fr\/wp-json\/wp\/v2\/product_brand?post=366005"},{"taxonomy":"product_cat","embeddable":true,"href":"https:\/\/maisoncleo.com\/fr\/wp-json\/wp\/v2\/product_cat?post=366005"},{"taxonomy":"product_tag","embeddable":true,"href":"https:\/\/maisoncleo.com\/fr\/wp-json\/wp\/v2\/product_tag?post=366005"}],"curies":[{"name":"wp","href":"https:\/\/api.w.org\/{rel}","templated":true}]}}