{"id":365964,"date":"2024-09-10T04:38:45","date_gmt":"2024-09-10T16:17:48","guid":{"rendered":"https:\/\/maisoncleo.com\/\/?post_type=product&#038;p=365964"},"modified":"2024-09-10T21:20:25","modified_gmt":"2024-09-10T19:20:25","slug":"mimi-viii-coton-blanc-et-liens-broderies","status":"publish","type":"product","link":"https:\/\/maisoncleo.com\/fr\/shop\/mimi-viii-coton-blanc-et-liens-broderies\/","title":{"rendered":"MIMI VIII coton blanc et liens broderies"},"content":{"rendered":"<div class=\"woocommerce-product-details__complete-description\">\n<p>Notre top MIMI iconique en dentelle de Calais et coton brod\u00e9 anglais r\u00e9imagin\u00e9! Mais qui est Mimi? En fran\u00e7ais, Mimi c&rsquo;est <em>mignon<\/em>, une femme gaie et libre comme l&rsquo;air.<\/p>\n<p>Ravissante dentelle de Calais romantique aux d\u00e9tails d\u00e9licats. Ouverte devant, deux rubans resserables sur la poitrine, un lien pour fermer le top. Coupe droite. 100% coton.<\/p>\n<\/div>\n<p>Tout le monde a besoin d&rsquo;un Mimi!&lt;3<\/p>\n<p>Longueur \u00e0 plat (bretelles incluses): 40 cm.<\/p>\n<p>La mod\u00e8le mesure 1m71 et porte une taille S-36.<\/p>\n<div class=\"col-12 text-center nbr_product\"><\/div>\n","protected":false},"excerpt":{"rendered":"<p>Notre top MIMI iconique en dentelle de Calais et coton brod\u00e9 anglais r\u00e9imagin\u00e9! Mais qui est Mimi? En fran\u00e7ais, Mimi c&rsquo;est mignon,&hellip;<\/p>\n","protected":false},"featured_media":350074,"template":"","meta":[],"product_brand":[],"product_cat":[667,668,674,661],"product_tag":[],"class_list":{"0":"post-365964","1":"product","2":"type-product","3":"status-publish","4":"has-post-thumbnail","6":"product_cat-dernieres-pieces","7":"product_cat-capsule","8":"product_cat-tops","9":"product_cat-tout-voir","10":"pa_taille-l-40-2","11":"pa_taille-m-38-2","12":"pa_taille-s-36-2","13":"pa_taille-sur-mesure-fr-2","14":"pa_taille-xl-42-fr-2","15":"pa_taille-xs-34-2","17":"first","18":"instock","19":"taxable","20":"shipping-taxable","21":"purchasable","22":"product-type-variable","23":"has-default-attributes"},"_links":{"self":[{"href":"https:\/\/maisoncleo.com\/fr\/wp-json\/wp\/v2\/product\/365964","targetHints":{"allow":["GET"]}}],"collection":[{"href":"https:\/\/maisoncleo.com\/fr\/wp-json\/wp\/v2\/product"}],"about":[{"href":"https:\/\/maisoncleo.com\/fr\/wp-json\/wp\/v2\/types\/product"}],"version-history":[{"count":1,"href":"https:\/\/maisoncleo.com\/fr\/wp-json\/wp\/v2\/product\/365964\/revisions"}],"predecessor-version":[{"id":365998,"href":"https:\/\/maisoncleo.com\/fr\/wp-json\/wp\/v2\/product\/365964\/revisions\/365998"}],"wp:featuredmedia":[{"embeddable":true,"href":"https:\/\/maisoncleo.com\/fr\/wp-json\/wp\/v2\/media\/350074"}],"wp:attachment":[{"href":"https:\/\/maisoncleo.com\/fr\/wp-json\/wp\/v2\/media?parent=365964"}],"wp:term":[{"taxonomy":"product_brand","embeddable":true,"href":"https:\/\/maisoncleo.com\/fr\/wp-json\/wp\/v2\/product_brand?post=365964"},{"taxonomy":"product_cat","embeddable":true,"href":"https:\/\/maisoncleo.com\/fr\/wp-json\/wp\/v2\/product_cat?post=365964"},{"taxonomy":"product_tag","embeddable":true,"href":"https:\/\/maisoncleo.com\/fr\/wp-json\/wp\/v2\/product_tag?post=365964"}],"curies":[{"name":"wp","href":"https:\/\/api.w.org\/{rel}","templated":true}]}}