{"id":365948,"date":"2024-09-10T04:33:52","date_gmt":"2024-09-10T16:17:19","guid":{"rendered":"https:\/\/maisoncleo.com\/\/?post_type=product&#038;p=365948"},"modified":"2024-09-10T21:20:22","modified_gmt":"2024-09-10T19:20:22","slug":"jupe-mi-longue-a-motif-vache-marron-en-soie","status":"publish","type":"product","link":"https:\/\/maisoncleo.com\/fr\/shop\/jupe-mi-longue-a-motif-vache-marron-en-soie\/","title":{"rendered":"Jupe mi-longue \u00e0 motif vache marron en soie"},"content":{"rendered":"<p>Jupe mi-longue \u00e0 motif vache marron en soie.<\/p>\n<p>Taille \u00e9lastiqu\u00e9e, petite noeud ruban rose sur le devant. Finition bourdon. Coupe \u00e9vas\u00e9e. 100% soie, opaque.<\/p>\n<p>Nous pouvons faire 10 jupes dans ce tissu.<\/p>\n<p>L&rsquo;imprim\u00e9 animal le plus adorable pour l&rsquo;\u00e9t\u00e9!<\/p>\n<p>Longueur totale \u00e0 plat: 65 cm.<\/p>\n<p>La mod\u00e8le mesure 1m71 et porte une taille S-36.<\/p>\n","protected":false},"excerpt":{"rendered":"<p>Jupe mi-longue \u00e0 motif vache marron en soie. Taille \u00e9lastiqu\u00e9e, petite noeud ruban rose sur le devant. Finition bourdon. Coupe \u00e9vas\u00e9e. 100%&hellip;<\/p>\n","protected":false},"featured_media":350005,"template":"","meta":[],"product_brand":[],"product_cat":[667,672,668,661],"product_tag":[],"class_list":{"0":"post-365948","1":"product","2":"type-product","3":"status-publish","4":"has-post-thumbnail","6":"product_cat-dernieres-pieces","7":"product_cat-jupes","8":"product_cat-capsule","9":"product_cat-tout-voir","10":"pa_taille-l-40-2","11":"pa_taille-m-38-2","12":"pa_taille-s-36-2","13":"pa_taille-sur-mesure-fr-2","14":"pa_taille-xl-42-fr-2","15":"pa_taille-xs-34-2","17":"first","18":"outofstock","19":"taxable","20":"shipping-taxable","21":"purchasable","22":"product-type-variable"},"_links":{"self":[{"href":"https:\/\/maisoncleo.com\/fr\/wp-json\/wp\/v2\/product\/365948","targetHints":{"allow":["GET"]}}],"collection":[{"href":"https:\/\/maisoncleo.com\/fr\/wp-json\/wp\/v2\/product"}],"about":[{"href":"https:\/\/maisoncleo.com\/fr\/wp-json\/wp\/v2\/types\/product"}],"version-history":[{"count":1,"href":"https:\/\/maisoncleo.com\/fr\/wp-json\/wp\/v2\/product\/365948\/revisions"}],"predecessor-version":[{"id":365985,"href":"https:\/\/maisoncleo.com\/fr\/wp-json\/wp\/v2\/product\/365948\/revisions\/365985"}],"wp:featuredmedia":[{"embeddable":true,"href":"https:\/\/maisoncleo.com\/fr\/wp-json\/wp\/v2\/media\/350005"}],"wp:attachment":[{"href":"https:\/\/maisoncleo.com\/fr\/wp-json\/wp\/v2\/media?parent=365948"}],"wp:term":[{"taxonomy":"product_brand","embeddable":true,"href":"https:\/\/maisoncleo.com\/fr\/wp-json\/wp\/v2\/product_brand?post=365948"},{"taxonomy":"product_cat","embeddable":true,"href":"https:\/\/maisoncleo.com\/fr\/wp-json\/wp\/v2\/product_cat?post=365948"},{"taxonomy":"product_tag","embeddable":true,"href":"https:\/\/maisoncleo.com\/fr\/wp-json\/wp\/v2\/product_tag?post=365948"}],"curies":[{"name":"wp","href":"https:\/\/api.w.org\/{rel}","templated":true}]}}