{"id":365930,"date":"2024-09-10T04:32:32","date_gmt":"2024-09-10T16:16:31","guid":{"rendered":"https:\/\/maisoncleo.com\/\/?post_type=product&#038;p=365930"},"modified":"2024-09-10T21:20:20","modified_gmt":"2024-09-10T19:20:20","slug":"blouse-en-coton-blanc-a-motif-fleurs-roses-gisela","status":"publish","type":"product","link":"https:\/\/maisoncleo.com\/fr\/shop\/blouse-en-coton-blanc-a-motif-fleurs-roses-gisela\/","title":{"rendered":"Blouse en coton blanc \u00e0 motif fleurs roses GISELA"},"content":{"rendered":"<p>Notre blouse iconique Gisela avec une touche fleurie.<\/p>\n<p>Blouse inspiration cache-coeur, volants sur le col et le devant. Manches longues, poignets volant\u00e9s. Liens sur le devant, \u00e0 nouer sur le devant ou autour de la taille. 100% voile de coton. Coupe cache-coeur (o\u00f9 on ne voit pas le ventre), mais peut aussi se porter avec les deux liens resserr\u00e9s sur le devant comme sur les photos.<\/p>\n<p>Un \u00e9l\u00e9gant jardin de roses sur la plus adorable des blouses.<\/p>\n<p>Nous pouvons faire 10 blouses dans ce tissu.<\/p>\n<p>Longueur totale \u00e0 plat: 53 cm.<\/p>\n<p>La mod\u00e8le mesure 1m71 et porte une taille S-36.<\/p>\n","protected":false},"excerpt":{"rendered":"<p>Notre blouse iconique Gisela avec une touche fleurie. Blouse inspiration cache-coeur, volants sur le col et le devant. Manches longues, poignets volant\u00e9s.&hellip;<\/p>\n","protected":false},"featured_media":349921,"template":"","meta":[],"product_brand":[],"product_cat":[663,667,668,661],"product_tag":[],"class_list":{"0":"post-365930","1":"product","2":"type-product","3":"status-publish","4":"has-post-thumbnail","6":"product_cat-blouses","7":"product_cat-dernieres-pieces","8":"product_cat-capsule","9":"product_cat-tout-voir","10":"pa_taille-l-40-2","11":"pa_taille-m-38-2","12":"pa_taille-s-36-2","13":"pa_taille-sur-mesure-fr-2","14":"pa_taille-xl-42-fr-2","15":"pa_taille-xs-34-2","17":"first","18":"instock","19":"taxable","20":"shipping-taxable","21":"purchasable","22":"product-type-variable"},"_links":{"self":[{"href":"https:\/\/maisoncleo.com\/fr\/wp-json\/wp\/v2\/product\/365930","targetHints":{"allow":["GET"]}}],"collection":[{"href":"https:\/\/maisoncleo.com\/fr\/wp-json\/wp\/v2\/product"}],"about":[{"href":"https:\/\/maisoncleo.com\/fr\/wp-json\/wp\/v2\/types\/product"}],"version-history":[{"count":1,"href":"https:\/\/maisoncleo.com\/fr\/wp-json\/wp\/v2\/product\/365930\/revisions"}],"predecessor-version":[{"id":365965,"href":"https:\/\/maisoncleo.com\/fr\/wp-json\/wp\/v2\/product\/365930\/revisions\/365965"}],"wp:featuredmedia":[{"embeddable":true,"href":"https:\/\/maisoncleo.com\/fr\/wp-json\/wp\/v2\/media\/349921"}],"wp:attachment":[{"href":"https:\/\/maisoncleo.com\/fr\/wp-json\/wp\/v2\/media?parent=365930"}],"wp:term":[{"taxonomy":"product_brand","embeddable":true,"href":"https:\/\/maisoncleo.com\/fr\/wp-json\/wp\/v2\/product_brand?post=365930"},{"taxonomy":"product_cat","embeddable":true,"href":"https:\/\/maisoncleo.com\/fr\/wp-json\/wp\/v2\/product_cat?post=365930"},{"taxonomy":"product_tag","embeddable":true,"href":"https:\/\/maisoncleo.com\/fr\/wp-json\/wp\/v2\/product_tag?post=365930"}],"curies":[{"name":"wp","href":"https:\/\/api.w.org\/{rel}","templated":true}]}}