{"id":365923,"date":"2024-09-10T04:29:34","date_gmt":"2024-09-10T16:16:30","guid":{"rendered":"https:\/\/maisoncleo.com\/\/?post_type=product&#038;p=365923"},"modified":"2024-09-10T21:20:17","modified_gmt":"2024-09-10T19:20:17","slug":"jupe-midi-evasee-en-coton-blanc-a-motif-fleurs-roses","status":"publish","type":"product","link":"https:\/\/maisoncleo.com\/fr\/shop\/jupe-midi-evasee-en-coton-blanc-a-motif-fleurs-roses\/","title":{"rendered":"Jupe midi \u00e9vas\u00e9e en coton blanc \u00e0 motif fleurs roses"},"content":{"rendered":"<p>Jupe midi \u00e9vas\u00e9e en coton blanc \u00e0 motif fleurs roses.<\/p>\n<p>Coupe \u00e9vas\u00e9e, effet volant\u00e9. Fermeture \u00e9clair sur le c\u00f4t\u00e9. 100% voile de coton, doubl\u00e9e.<\/p>\n<p>Un \u00e9l\u00e9gant jardin de roses sur la plus adorable des jupes.<\/p>\n<p>Nous pouvons faire 10 jupes dans ce tissu.<\/p>\n<p>Longueur totale \u00e0 plat: 79 cm.<\/p>\n<p>La mod\u00e8le mesure 1m71 et porte une taille S-36.<\/p>\n","protected":false},"excerpt":{"rendered":"<p>Jupe midi \u00e9vas\u00e9e en coton blanc \u00e0 motif fleurs roses. Coupe \u00e9vas\u00e9e, effet volant\u00e9. Fermeture \u00e9clair sur le c\u00f4t\u00e9. 100% voile de&hellip;<\/p>\n","protected":false},"featured_media":349884,"template":"","meta":[],"product_brand":[],"product_cat":[667,672,668,661],"product_tag":[],"class_list":{"0":"post-365923","1":"product","2":"type-product","3":"status-publish","4":"has-post-thumbnail","6":"product_cat-dernieres-pieces","7":"product_cat-jupes","8":"product_cat-capsule","9":"product_cat-tout-voir","10":"pa_taille-l-40-2","11":"pa_taille-m-38-2","12":"pa_taille-s-36-2","13":"pa_taille-sur-mesure-fr-2","14":"pa_taille-xl-42-fr-2","15":"pa_taille-xs-34-2","17":"first","18":"instock","19":"taxable","20":"shipping-taxable","21":"purchasable","22":"product-type-variable"},"_links":{"self":[{"href":"https:\/\/maisoncleo.com\/fr\/wp-json\/wp\/v2\/product\/365923","targetHints":{"allow":["GET"]}}],"collection":[{"href":"https:\/\/maisoncleo.com\/fr\/wp-json\/wp\/v2\/product"}],"about":[{"href":"https:\/\/maisoncleo.com\/fr\/wp-json\/wp\/v2\/types\/product"}],"version-history":[{"count":1,"href":"https:\/\/maisoncleo.com\/fr\/wp-json\/wp\/v2\/product\/365923\/revisions"}],"predecessor-version":[{"id":365954,"href":"https:\/\/maisoncleo.com\/fr\/wp-json\/wp\/v2\/product\/365923\/revisions\/365954"}],"wp:featuredmedia":[{"embeddable":true,"href":"https:\/\/maisoncleo.com\/fr\/wp-json\/wp\/v2\/media\/349884"}],"wp:attachment":[{"href":"https:\/\/maisoncleo.com\/fr\/wp-json\/wp\/v2\/media?parent=365923"}],"wp:term":[{"taxonomy":"product_brand","embeddable":true,"href":"https:\/\/maisoncleo.com\/fr\/wp-json\/wp\/v2\/product_brand?post=365923"},{"taxonomy":"product_cat","embeddable":true,"href":"https:\/\/maisoncleo.com\/fr\/wp-json\/wp\/v2\/product_cat?post=365923"},{"taxonomy":"product_tag","embeddable":true,"href":"https:\/\/maisoncleo.com\/fr\/wp-json\/wp\/v2\/product_tag?post=365923"}],"curies":[{"name":"wp","href":"https:\/\/api.w.org\/{rel}","templated":true}]}}