{"id":365921,"date":"2024-09-10T04:29:34","date_gmt":"2024-09-10T16:16:30","guid":{"rendered":"https:\/\/maisoncleo.com\/\/?post_type=product&#038;p=365921"},"modified":"2024-09-10T21:20:27","modified_gmt":"2024-09-10T19:20:27","slug":"mini-jupe-mimi-en-coton-blanc-et-dentelle-brodee","status":"publish","type":"product","link":"https:\/\/maisoncleo.com\/fr\/shop\/mini-jupe-mimi-en-coton-blanc-et-dentelle-brodee\/","title":{"rendered":"Mini-jupe MIMI en coton blanc et dentelle brod\u00e9e"},"content":{"rendered":"<div class=\"woocommerce-product-details__complete-description\">\n<p>Qui n&rsquo;a pas besoin d&rsquo;une jupe Mimi? Enfin la mini-jupe en coton et broderies, parfaite \u00e0 assortir !<\/p>\n<p>Ravissante dentelle de Calais romantique aux d\u00e9tails d\u00e9licats. Ceinture ruban \u00e0 nouer. Coupe flare, partie inf\u00e9rieure volant\u00e9e. 100% coton.<\/p>\n<\/div>\n<p>Une petite jupe ang\u00e9lique!<\/p>\n<p>Longueur \u00e0 plat: 28 cm.<\/p>\n<p>La mod\u00e8le mesure 1m71 et porte une taille S-36.<\/p>\n<div class=\"col-12 text-center nbr_product\"><\/div>\n","protected":false},"excerpt":{"rendered":"<p>Qui n&rsquo;a pas besoin d&rsquo;une jupe Mimi? Enfin la mini-jupe en coton et broderies, parfaite \u00e0 assortir ! Ravissante dentelle de Calais&hellip;<\/p>\n","protected":false},"featured_media":350135,"template":"","meta":[],"product_brand":[],"product_cat":[667,672,668,661],"product_tag":[],"class_list":{"0":"post-365921","1":"product","2":"type-product","3":"status-publish","4":"has-post-thumbnail","6":"product_cat-dernieres-pieces","7":"product_cat-jupes","8":"product_cat-capsule","9":"product_cat-tout-voir","10":"pa_taille-l-40-2","11":"pa_taille-m-38-2","12":"pa_taille-s-36-2","13":"pa_taille-sur-mesure-fr-2","14":"pa_taille-xl-42-fr-2","15":"pa_taille-xs-34-2","17":"first","18":"instock","19":"taxable","20":"shipping-taxable","21":"purchasable","22":"product-type-variable","23":"has-default-attributes"},"_links":{"self":[{"href":"https:\/\/maisoncleo.com\/fr\/wp-json\/wp\/v2\/product\/365921","targetHints":{"allow":["GET"]}}],"collection":[{"href":"https:\/\/maisoncleo.com\/fr\/wp-json\/wp\/v2\/product"}],"about":[{"href":"https:\/\/maisoncleo.com\/fr\/wp-json\/wp\/v2\/types\/product"}],"version-history":[{"count":1,"href":"https:\/\/maisoncleo.com\/fr\/wp-json\/wp\/v2\/product\/365921\/revisions"}],"predecessor-version":[{"id":366019,"href":"https:\/\/maisoncleo.com\/fr\/wp-json\/wp\/v2\/product\/365921\/revisions\/366019"}],"wp:featuredmedia":[{"embeddable":true,"href":"https:\/\/maisoncleo.com\/fr\/wp-json\/wp\/v2\/media\/350135"}],"wp:attachment":[{"href":"https:\/\/maisoncleo.com\/fr\/wp-json\/wp\/v2\/media?parent=365921"}],"wp:term":[{"taxonomy":"product_brand","embeddable":true,"href":"https:\/\/maisoncleo.com\/fr\/wp-json\/wp\/v2\/product_brand?post=365921"},{"taxonomy":"product_cat","embeddable":true,"href":"https:\/\/maisoncleo.com\/fr\/wp-json\/wp\/v2\/product_cat?post=365921"},{"taxonomy":"product_tag","embeddable":true,"href":"https:\/\/maisoncleo.com\/fr\/wp-json\/wp\/v2\/product_tag?post=365921"}],"curies":[{"name":"wp","href":"https:\/\/api.w.org\/{rel}","templated":true}]}}