{"id":365911,"date":"2024-09-10T04:24:28","date_gmt":"2024-09-10T16:16:07","guid":{"rendered":"https:\/\/maisoncleo.com\/\/?post_type=product&#038;p=365911"},"modified":"2026-05-10T23:03:17","modified_gmt":"2026-05-10T21:03:17","slug":"longue-jupe-evasee-en-coton-blanc-et-broderie-anglaise","status":"publish","type":"product","link":"https:\/\/maisoncleo.com\/fr\/shop\/longue-jupe-evasee-en-coton-blanc-et-broderie-anglaise\/","title":{"rendered":"Longue jupe \u00e9vas\u00e9e en coton blanc et broderie anglaise"},"content":{"rendered":"<p>Longue jupe \u00e9vas\u00e9e en coton blanc et broderie anglaise.<\/p>\n<p>D\u00e9tail de fronces sur la basque inf\u00e9rieure, ourlet broderie anglaise. Coupe \u00e9vas\u00e9e, bouffante. Fermeture \u00e9clair sur le c\u00f4t\u00e9. 100% coton.<\/p>\n<p>Le look cottage core r\u00eav\u00e9!<\/p>\n<p>Longueur totale \u00e0 plat: 83 cm.<\/p>\n<p>La mod\u00e8le mesure 1m71 et porte une taille S-36.<\/p>\n","protected":false},"excerpt":{"rendered":"<p>Longue jupe \u00e9vas\u00e9e en coton blanc et broderie anglaise. D\u00e9tail de fronces sur la basque inf\u00e9rieure, ourlet broderie anglaise. Coupe \u00e9vas\u00e9e, bouffante.&hellip;<\/p>\n","protected":false},"featured_media":349851,"template":"","meta":[],"product_brand":[],"product_cat":[667,672,668,661],"product_tag":[],"class_list":{"0":"post-365911","1":"product","2":"type-product","3":"status-publish","4":"has-post-thumbnail","6":"product_cat-dernieres-pieces","7":"product_cat-jupes","8":"product_cat-capsule","9":"product_cat-tout-voir","10":"pa_taille-l-40-2","11":"pa_taille-m-38-2","12":"pa_taille-s-36-2","13":"pa_taille-sur-mesure-fr-2","14":"pa_taille-xl-42-fr-2","15":"pa_taille-xs-34-2","17":"first","18":"instock","19":"taxable","20":"shipping-taxable","21":"purchasable","22":"product-type-variable"},"_links":{"self":[{"href":"https:\/\/maisoncleo.com\/fr\/wp-json\/wp\/v2\/product\/365911","targetHints":{"allow":["GET"]}}],"collection":[{"href":"https:\/\/maisoncleo.com\/fr\/wp-json\/wp\/v2\/product"}],"about":[{"href":"https:\/\/maisoncleo.com\/fr\/wp-json\/wp\/v2\/types\/product"}],"version-history":[{"count":1,"href":"https:\/\/maisoncleo.com\/fr\/wp-json\/wp\/v2\/product\/365911\/revisions"}],"predecessor-version":[{"id":365953,"href":"https:\/\/maisoncleo.com\/fr\/wp-json\/wp\/v2\/product\/365911\/revisions\/365953"}],"wp:featuredmedia":[{"embeddable":true,"href":"https:\/\/maisoncleo.com\/fr\/wp-json\/wp\/v2\/media\/349851"}],"wp:attachment":[{"href":"https:\/\/maisoncleo.com\/fr\/wp-json\/wp\/v2\/media?parent=365911"}],"wp:term":[{"taxonomy":"product_brand","embeddable":true,"href":"https:\/\/maisoncleo.com\/fr\/wp-json\/wp\/v2\/product_brand?post=365911"},{"taxonomy":"product_cat","embeddable":true,"href":"https:\/\/maisoncleo.com\/fr\/wp-json\/wp\/v2\/product_cat?post=365911"},{"taxonomy":"product_tag","embeddable":true,"href":"https:\/\/maisoncleo.com\/fr\/wp-json\/wp\/v2\/product_tag?post=365911"}],"curies":[{"name":"wp","href":"https:\/\/api.w.org\/{rel}","templated":true}]}}