{"id":365899,"date":"2024-09-10T04:19:24","date_gmt":"2024-09-10T16:15:44","guid":{"rendered":"https:\/\/maisoncleo.com\/\/?post_type=product&#038;p=365899"},"modified":"2024-09-10T21:20:42","modified_gmt":"2024-09-10T19:20:42","slug":"longue-robe-biais-asymetrique-en-denim-fin-bleu-fonce-a-une-fleur","status":"publish","type":"product","link":"https:\/\/maisoncleo.com\/fr\/shop\/longue-robe-biais-asymetrique-en-denim-fin-bleu-fonce-a-une-fleur\/","title":{"rendered":"Longue robe biais asym\u00e9trique en denim fin bleu fonc\u00e9 \u00e0 une fleur"},"content":{"rendered":"<p>Longue robe biais asym\u00e9trique en denim fin bleu fonc\u00e9 \u00e0 une fleur.<\/p>\n<p>D\u00e9collet\u00e9. Long volant sur le c\u00f4t\u00e9 gauche, parfait pour danser. Finition l\u00e9g\u00e8rement bourdon. Coupe loose. Fleur appliqu\u00e9 assortie \u00e0 porter en ras du cou ou ceinture.<\/p>\n<p>Notre derni\u00e8re obsession! Une petite robe super fun, romantique et ravissante: tout ce que vous pouvez \u00eatre en la portant!<\/p>\n<p>Nous pouvons faire 4 robes dans ce tissu.<\/p>\n<p>Nous avons besoin de deux heures pour faire une robe.<\/p>\n<p>Longueur totale \u00e0 plat: 126 cm. Longueur c\u00f4t\u00e9 court: 106 cm. Encolure: 22 cm.<\/p>\n<p>La mod\u00e8le mesure 1m71 et porte une taille S-36.<\/p>\n","protected":false},"excerpt":{"rendered":"<p>Longue robe biais asym\u00e9trique en denim fin bleu fonc\u00e9 \u00e0 une fleur. D\u00e9collet\u00e9. Long volant sur le c\u00f4t\u00e9 gauche, parfait pour danser.&hellip;<\/p>\n","protected":false},"featured_media":350500,"template":"","meta":[],"product_brand":[],"product_cat":[667,668,664,661],"product_tag":[],"class_list":{"0":"post-365899","1":"product","2":"type-product","3":"status-publish","4":"has-post-thumbnail","6":"product_cat-dernieres-pieces","7":"product_cat-capsule","8":"product_cat-robes","9":"product_cat-tout-voir","10":"pa_taille-l-40-2","11":"pa_taille-m-38-2","12":"pa_taille-s-36-2","13":"pa_taille-sur-mesure-fr-2","14":"pa_taille-xl-42-fr-2","15":"pa_taille-xs-34-2","17":"first","18":"instock","19":"taxable","20":"shipping-taxable","21":"purchasable","22":"product-type-variable"},"_links":{"self":[{"href":"https:\/\/maisoncleo.com\/fr\/wp-json\/wp\/v2\/product\/365899","targetHints":{"allow":["GET"]}}],"collection":[{"href":"https:\/\/maisoncleo.com\/fr\/wp-json\/wp\/v2\/product"}],"about":[{"href":"https:\/\/maisoncleo.com\/fr\/wp-json\/wp\/v2\/types\/product"}],"version-history":[{"count":1,"href":"https:\/\/maisoncleo.com\/fr\/wp-json\/wp\/v2\/product\/365899\/revisions"}],"predecessor-version":[{"id":366112,"href":"https:\/\/maisoncleo.com\/fr\/wp-json\/wp\/v2\/product\/365899\/revisions\/366112"}],"wp:featuredmedia":[{"embeddable":true,"href":"https:\/\/maisoncleo.com\/fr\/wp-json\/wp\/v2\/media\/350500"}],"wp:attachment":[{"href":"https:\/\/maisoncleo.com\/fr\/wp-json\/wp\/v2\/media?parent=365899"}],"wp:term":[{"taxonomy":"product_brand","embeddable":true,"href":"https:\/\/maisoncleo.com\/fr\/wp-json\/wp\/v2\/product_brand?post=365899"},{"taxonomy":"product_cat","embeddable":true,"href":"https:\/\/maisoncleo.com\/fr\/wp-json\/wp\/v2\/product_cat?post=365899"},{"taxonomy":"product_tag","embeddable":true,"href":"https:\/\/maisoncleo.com\/fr\/wp-json\/wp\/v2\/product_tag?post=365899"}],"curies":[{"name":"wp","href":"https:\/\/api.w.org\/{rel}","templated":true}]}}