{"id":365870,"date":"2024-09-10T04:19:23","date_gmt":"2024-09-10T16:13:54","guid":{"rendered":"https:\/\/maisoncleo.com\/\/?post_type=product&#038;p=365870"},"modified":"2024-09-10T21:20:12","modified_gmt":"2024-09-10T19:20:12","slug":"ready-to-ship-fw22-runway-look-12-top-bustier-en-soie-fleurie-a-mini-manches-bouffantes-et-corsage-charlotte","status":"publish","type":"product","link":"https:\/\/maisoncleo.com\/fr\/shop\/ready-to-ship-fw22-runway-look-12-top-bustier-en-soie-fleurie-a-mini-manches-bouffantes-et-corsage-charlotte\/","title":{"rendered":"READY TO SHIP &#8211; FW22 RUNWAY LOOK 12 &#8211; Top bustier en soie fleurie \u00e0 mini manches bouffantes et corsage CHARLOTTE"},"content":{"rendered":"<p>Top bustier en soie fleurie \u00e0 mini manches bouffantes et corsage.<\/p>\n<p>Encolure carr\u00e9e et dessous de poitrine \u00e9lastiqu\u00e9s. Volant\u00e9.<\/p>\n<p>100% soie provenant d&rsquo;un tissu de Haute-Couture.<\/p>\n<p>LOOK 12 de notre d\u00e9fil\u00e9 automne hiver \u00ab\u00a0L&rsquo;Affranchie\u00a0\u00bb de septembre 2022.<\/p>\n<p>La mod\u00e8le mesure 172 cm et porte une taille S-36.<\/p>\n","protected":false},"excerpt":{"rendered":"<p>Top bustier en soie fleurie \u00e0 mini manches bouffantes et corsage. Encolure carr\u00e9e et dessous de poitrine \u00e9lastiqu\u00e9s. Volant\u00e9. 100% soie provenant&hellip;<\/p>\n","protected":false},"featured_media":344946,"template":"","meta":[],"product_brand":[],"product_cat":[669,913],"product_tag":[],"class_list":{"0":"post-365870","1":"product","2":"type-product","3":"status-publish","4":"has-post-thumbnail","6":"product_cat-always-buyable-fr","7":"product_cat-ready-to-ship","8":"pa_taille-m-38-2","9":"pa_taille-xs-34-2","11":"first","12":"instock","13":"taxable","14":"shipping-taxable","15":"purchasable","16":"product-type-variable"},"_links":{"self":[{"href":"https:\/\/maisoncleo.com\/fr\/wp-json\/wp\/v2\/product\/365870","targetHints":{"allow":["GET"]}}],"collection":[{"href":"https:\/\/maisoncleo.com\/fr\/wp-json\/wp\/v2\/product"}],"about":[{"href":"https:\/\/maisoncleo.com\/fr\/wp-json\/wp\/v2\/types\/product"}],"version-history":[{"count":1,"href":"https:\/\/maisoncleo.com\/fr\/wp-json\/wp\/v2\/product\/365870\/revisions"}],"predecessor-version":[{"id":365918,"href":"https:\/\/maisoncleo.com\/fr\/wp-json\/wp\/v2\/product\/365870\/revisions\/365918"}],"wp:featuredmedia":[{"embeddable":true,"href":"https:\/\/maisoncleo.com\/fr\/wp-json\/wp\/v2\/media\/344946"}],"wp:attachment":[{"href":"https:\/\/maisoncleo.com\/fr\/wp-json\/wp\/v2\/media?parent=365870"}],"wp:term":[{"taxonomy":"product_brand","embeddable":true,"href":"https:\/\/maisoncleo.com\/fr\/wp-json\/wp\/v2\/product_brand?post=365870"},{"taxonomy":"product_cat","embeddable":true,"href":"https:\/\/maisoncleo.com\/fr\/wp-json\/wp\/v2\/product_cat?post=365870"},{"taxonomy":"product_tag","embeddable":true,"href":"https:\/\/maisoncleo.com\/fr\/wp-json\/wp\/v2\/product_tag?post=365870"}],"curies":[{"name":"wp","href":"https:\/\/api.w.org\/{rel}","templated":true}]}}