{"id":365856,"date":"2024-09-10T04:16:16","date_gmt":"2024-09-10T16:13:23","guid":{"rendered":"https:\/\/maisoncleo.com\/\/?post_type=product&#038;p=365856"},"modified":"2024-09-10T21:20:11","modified_gmt":"2024-09-10T19:20:11","slug":"bloomer-en-coton-blanc-avec-broderies","status":"publish","type":"product","link":"https:\/\/maisoncleo.com\/fr\/shop\/bloomer-en-coton-blanc-avec-broderies\/","title":{"rendered":"Bloomer en coton blanc avec broderies"},"content":{"rendered":"<p>Bloomer en coton blanc avec broderies. \u00c9lastique \u00e0 la taille. Parfait pour l&rsquo;\u00e9t\u00e9!<\/p>\n<p>Longueur totale \u00e0 plat: 36 cm.<\/p>\n<p>La mod\u00e8le mesure 1m74.<\/p>\n","protected":false},"excerpt":{"rendered":"<p>Bloomer en coton blanc avec broderies. \u00c9lastique \u00e0 la taille. Parfait pour l&rsquo;\u00e9t\u00e9! Longueur totale \u00e0 plat: 36 cm. La mod\u00e8le mesure&hellip;<\/p>\n","protected":false},"featured_media":349746,"template":"","meta":[],"product_brand":[],"product_cat":[668,675,661],"product_tag":[],"class_list":{"0":"post-365856","1":"product","2":"type-product","3":"status-publish","4":"has-post-thumbnail","6":"product_cat-capsule","7":"product_cat-pantalons-shorts","8":"product_cat-tout-voir","9":"pa_taille-l-40-2","10":"pa_taille-m-38-2","11":"pa_taille-s-36-2","12":"pa_taille-sur-mesure-fr-2","13":"pa_taille-xl-42-fr-2","14":"pa_taille-xs-34-2","16":"first","17":"instock","18":"taxable","19":"shipping-taxable","20":"purchasable","21":"product-type-variable"},"_links":{"self":[{"href":"https:\/\/maisoncleo.com\/fr\/wp-json\/wp\/v2\/product\/365856","targetHints":{"allow":["GET"]}}],"collection":[{"href":"https:\/\/maisoncleo.com\/fr\/wp-json\/wp\/v2\/product"}],"about":[{"href":"https:\/\/maisoncleo.com\/fr\/wp-json\/wp\/v2\/types\/product"}],"version-history":[{"count":1,"href":"https:\/\/maisoncleo.com\/fr\/wp-json\/wp\/v2\/product\/365856\/revisions"}],"predecessor-version":[{"id":365916,"href":"https:\/\/maisoncleo.com\/fr\/wp-json\/wp\/v2\/product\/365856\/revisions\/365916"}],"wp:featuredmedia":[{"embeddable":true,"href":"https:\/\/maisoncleo.com\/fr\/wp-json\/wp\/v2\/media\/349746"}],"wp:attachment":[{"href":"https:\/\/maisoncleo.com\/fr\/wp-json\/wp\/v2\/media?parent=365856"}],"wp:term":[{"taxonomy":"product_brand","embeddable":true,"href":"https:\/\/maisoncleo.com\/fr\/wp-json\/wp\/v2\/product_brand?post=365856"},{"taxonomy":"product_cat","embeddable":true,"href":"https:\/\/maisoncleo.com\/fr\/wp-json\/wp\/v2\/product_cat?post=365856"},{"taxonomy":"product_tag","embeddable":true,"href":"https:\/\/maisoncleo.com\/fr\/wp-json\/wp\/v2\/product_tag?post=365856"}],"curies":[{"name":"wp","href":"https:\/\/api.w.org\/{rel}","templated":true}]}}