{"id":365803,"date":"2024-09-10T04:08:10","date_gmt":"2024-09-10T16:10:26","guid":{"rendered":"https:\/\/maisoncleo.com\/\/?post_type=product&#038;p=365803"},"modified":"2024-09-10T21:20:01","modified_gmt":"2024-09-10T19:20:01","slug":"ready-to-ship-mini-jupe-en-laine-vert-neon-et-poches-fausse-fourrure-swanne","status":"publish","type":"product","link":"https:\/\/maisoncleo.com\/fr\/shop\/ready-to-ship-mini-jupe-en-laine-vert-neon-et-poches-fausse-fourrure-swanne\/","title":{"rendered":"READY TO SHIP &#8211; Mini jupe en laine vert neon et poches fausse fourrure SWANNE"},"content":{"rendered":"<p>Mini jupe en laine vert neon et poches fausse fourrure.<\/p>\n<p>D\u00e9tail de fausse fourrure marron \u00e0 la ceinture. Deux poches avant en plaid bleu. Coupe trap\u00e8ze. Fermeture \u00e9clair dans le dos.<\/p>\n<p>Petite jupe approuv\u00e9e par Cher Horowitz de Clueless!<\/p>\n<p>Longueur \u00e0 plat: 39 cm.<\/p>\n<p>La mod\u00e8le mesure 1m74.<\/p>\n","protected":false},"excerpt":{"rendered":"<p>Mini jupe en laine vert neon et poches fausse fourrure. D\u00e9tail de fausse fourrure marron \u00e0 la ceinture. Deux poches avant en&hellip;<\/p>\n","protected":false},"featured_media":349618,"template":"","meta":[],"product_brand":[],"product_cat":[669,913],"product_tag":[],"class_list":{"0":"post-365803","1":"product","2":"type-product","3":"status-publish","4":"has-post-thumbnail","6":"product_cat-always-buyable-fr","7":"product_cat-ready-to-ship","8":"pa_taille-m-38-2","10":"first","11":"instock","12":"taxable","13":"shipping-taxable","14":"purchasable","15":"product-type-variable"},"_links":{"self":[{"href":"https:\/\/maisoncleo.com\/fr\/wp-json\/wp\/v2\/product\/365803","targetHints":{"allow":["GET"]}}],"collection":[{"href":"https:\/\/maisoncleo.com\/fr\/wp-json\/wp\/v2\/product"}],"about":[{"href":"https:\/\/maisoncleo.com\/fr\/wp-json\/wp\/v2\/types\/product"}],"version-history":[{"count":1,"href":"https:\/\/maisoncleo.com\/fr\/wp-json\/wp\/v2\/product\/365803\/revisions"}],"predecessor-version":[{"id":365854,"href":"https:\/\/maisoncleo.com\/fr\/wp-json\/wp\/v2\/product\/365803\/revisions\/365854"}],"wp:featuredmedia":[{"embeddable":true,"href":"https:\/\/maisoncleo.com\/fr\/wp-json\/wp\/v2\/media\/349618"}],"wp:attachment":[{"href":"https:\/\/maisoncleo.com\/fr\/wp-json\/wp\/v2\/media?parent=365803"}],"wp:term":[{"taxonomy":"product_brand","embeddable":true,"href":"https:\/\/maisoncleo.com\/fr\/wp-json\/wp\/v2\/product_brand?post=365803"},{"taxonomy":"product_cat","embeddable":true,"href":"https:\/\/maisoncleo.com\/fr\/wp-json\/wp\/v2\/product_cat?post=365803"},{"taxonomy":"product_tag","embeddable":true,"href":"https:\/\/maisoncleo.com\/fr\/wp-json\/wp\/v2\/product_tag?post=365803"}],"curies":[{"name":"wp","href":"https:\/\/api.w.org\/{rel}","templated":true}]}}