{"id":365770,"date":"2024-09-10T04:04:35","date_gmt":"2024-09-10T16:08:49","guid":{"rendered":"https:\/\/maisoncleo.com\/\/?post_type=product&#038;p=365770"},"modified":"2024-09-10T21:19:51","modified_gmt":"2024-09-10T19:19:51","slug":"ready-to-ship-mini-robe-babydoll-grise-opaque-brillante","status":"publish","type":"product","link":"https:\/\/maisoncleo.com\/fr\/shop\/ready-to-ship-mini-robe-babydoll-grise-opaque-brillante\/","title":{"rendered":"READY TO SHIP &#8211; Mini robe babydoll grise opaque brillante"},"content":{"rendered":"<p>Mini robe babydoll grise opaque brillante, petites manches bouffantes. Encolure et manches \u00e9lastiques, ce qui fait que l&rsquo;on peut la porter avec les manches positionn\u00e9es au dessus ou en-dessous des \u00e9paules, pour deux styles diff\u00e9rents.<\/p>\n<p>Longueur \u00e0 plat: 70CM<\/p>\n<p>La mod\u00e8le mesure 1m73 et porte une taille S-36.<\/p>\n","protected":false},"excerpt":{"rendered":"<p>Mini robe babydoll grise opaque brillante, petites manches bouffantes. Encolure et manches \u00e9lastiques, ce qui fait que l&rsquo;on peut la porter avec&hellip;<\/p>\n","protected":false},"featured_media":349517,"template":"","meta":[],"product_brand":[],"product_cat":[669,913],"product_tag":[],"class_list":{"0":"post-365770","1":"product","2":"type-product","3":"status-publish","4":"has-post-thumbnail","6":"product_cat-always-buyable-fr","7":"product_cat-ready-to-ship","8":"pa_taille-xs-34-2","10":"first","11":"instock","12":"taxable","13":"shipping-taxable","14":"purchasable","15":"product-type-variable"},"_links":{"self":[{"href":"https:\/\/maisoncleo.com\/fr\/wp-json\/wp\/v2\/product\/365770","targetHints":{"allow":["GET"]}}],"collection":[{"href":"https:\/\/maisoncleo.com\/fr\/wp-json\/wp\/v2\/product"}],"about":[{"href":"https:\/\/maisoncleo.com\/fr\/wp-json\/wp\/v2\/types\/product"}],"version-history":[{"count":1,"href":"https:\/\/maisoncleo.com\/fr\/wp-json\/wp\/v2\/product\/365770\/revisions"}],"predecessor-version":[{"id":365838,"href":"https:\/\/maisoncleo.com\/fr\/wp-json\/wp\/v2\/product\/365770\/revisions\/365838"}],"wp:featuredmedia":[{"embeddable":true,"href":"https:\/\/maisoncleo.com\/fr\/wp-json\/wp\/v2\/media\/349517"}],"wp:attachment":[{"href":"https:\/\/maisoncleo.com\/fr\/wp-json\/wp\/v2\/media?parent=365770"}],"wp:term":[{"taxonomy":"product_brand","embeddable":true,"href":"https:\/\/maisoncleo.com\/fr\/wp-json\/wp\/v2\/product_brand?post=365770"},{"taxonomy":"product_cat","embeddable":true,"href":"https:\/\/maisoncleo.com\/fr\/wp-json\/wp\/v2\/product_cat?post=365770"},{"taxonomy":"product_tag","embeddable":true,"href":"https:\/\/maisoncleo.com\/fr\/wp-json\/wp\/v2\/product_tag?post=365770"}],"curies":[{"name":"wp","href":"https:\/\/api.w.org\/{rel}","templated":true}]}}