{"id":365758,"date":"2024-09-10T04:04:35","date_gmt":"2024-09-10T16:08:27","guid":{"rendered":"https:\/\/maisoncleo.com\/\/?post_type=product&#038;p=365758"},"modified":"2024-09-10T21:19:58","modified_gmt":"2024-09-10T19:19:58","slug":"ready-to-ship-top-en-jersey-tania-3","status":"publish","type":"product","link":"https:\/\/maisoncleo.com\/fr\/shop\/ready-to-ship-top-en-jersey-tania-3\/","title":{"rendered":"READY TO SHIP &#8211; Top en jersey TANIA"},"content":{"rendered":"<p id=\"tw-target-text\" class=\"tw-data-text tw-text-large XcVN5d tw-ta\" dir=\"ltr\" data-placeholder=\"Traduction\"><span lang=\"fr\">Top manches asym\u00e9triques en jersey de coton, une ouverture sur le c\u00f4t\u00e9. 100% jersey de coton.\u00a0<\/span><\/p>\n<p dir=\"ltr\" data-placeholder=\"Traduction\">La mod\u00e8le mesure 1m74.<\/p>\n","protected":false},"excerpt":{"rendered":"<p>Top manches asym\u00e9triques en jersey de coton, une ouverture sur le c\u00f4t\u00e9. 100% jersey de coton.\u00a0 La mod\u00e8le mesure 1m74.<\/p>\n","protected":false},"featured_media":349575,"template":"","meta":[],"product_brand":[],"product_cat":[669,913],"product_tag":[],"class_list":{"0":"post-365758","1":"product","2":"type-product","3":"status-publish","4":"has-post-thumbnail","6":"product_cat-always-buyable-fr","7":"product_cat-ready-to-ship","8":"pa_taille-xl-42-fr-2","9":"pa_taille-xs-34-2","11":"first","12":"instock","13":"taxable","14":"shipping-taxable","15":"purchasable","16":"product-type-variable"},"_links":{"self":[{"href":"https:\/\/maisoncleo.com\/fr\/wp-json\/wp\/v2\/product\/365758","targetHints":{"allow":["GET"]}}],"collection":[{"href":"https:\/\/maisoncleo.com\/fr\/wp-json\/wp\/v2\/product"}],"about":[{"href":"https:\/\/maisoncleo.com\/fr\/wp-json\/wp\/v2\/types\/product"}],"version-history":[{"count":1,"href":"https:\/\/maisoncleo.com\/fr\/wp-json\/wp\/v2\/product\/365758\/revisions"}],"predecessor-version":[{"id":365851,"href":"https:\/\/maisoncleo.com\/fr\/wp-json\/wp\/v2\/product\/365758\/revisions\/365851"}],"wp:featuredmedia":[{"embeddable":true,"href":"https:\/\/maisoncleo.com\/fr\/wp-json\/wp\/v2\/media\/349575"}],"wp:attachment":[{"href":"https:\/\/maisoncleo.com\/fr\/wp-json\/wp\/v2\/media?parent=365758"}],"wp:term":[{"taxonomy":"product_brand","embeddable":true,"href":"https:\/\/maisoncleo.com\/fr\/wp-json\/wp\/v2\/product_brand?post=365758"},{"taxonomy":"product_cat","embeddable":true,"href":"https:\/\/maisoncleo.com\/fr\/wp-json\/wp\/v2\/product_cat?post=365758"},{"taxonomy":"product_tag","embeddable":true,"href":"https:\/\/maisoncleo.com\/fr\/wp-json\/wp\/v2\/product_tag?post=365758"}],"curies":[{"name":"wp","href":"https:\/\/api.w.org\/{rel}","templated":true}]}}