{"id":365747,"date":"2024-09-10T04:04:10","date_gmt":"2024-09-10T16:08:26","guid":{"rendered":"https:\/\/maisoncleo.com\/\/?post_type=product&#038;p=365747"},"modified":"2024-09-10T21:19:44","modified_gmt":"2024-09-10T19:19:44","slug":"ready-to-ship-top-bustier-lilas-en-coton-tricote-manu","status":"publish","type":"product","link":"https:\/\/maisoncleo.com\/fr\/shop\/ready-to-ship-top-bustier-lilas-en-coton-tricote-manu\/","title":{"rendered":"READY TO SHIP &#8211; Top bustier lilas en coton tricot\u00e9 MANU"},"content":{"rendered":"<p>Notre top bustier lilas textur\u00e9 tricot\u00e9 dans un coton organique, travail de relief avec les fils par nos tricoteuses.<\/p>\n<p>Fabriqu\u00e9e sur commande \u00e0 la main dans notre studio. Coupe cintr\u00e9e. Super agr\u00e9able \u00e0 porter!<\/p>\n<p>La mod\u00e8le mesure 1m70.<\/p>\n","protected":false},"excerpt":{"rendered":"<p>Notre top bustier lilas textur\u00e9 tricot\u00e9 dans un coton organique, travail de relief avec les fils par nos tricoteuses. Fabriqu\u00e9e sur commande&hellip;<\/p>\n","protected":false},"featured_media":339188,"template":"","meta":[],"product_brand":[],"product_cat":[669,913],"product_tag":[],"class_list":{"0":"post-365747","1":"product","2":"type-product","3":"status-publish","4":"has-post-thumbnail","6":"product_cat-always-buyable-fr","7":"product_cat-ready-to-ship","8":"pa_taille-s-36-2","10":"first","11":"instock","12":"taxable","13":"shipping-taxable","14":"purchasable","15":"product-type-variable"},"_links":{"self":[{"href":"https:\/\/maisoncleo.com\/fr\/wp-json\/wp\/v2\/product\/365747","targetHints":{"allow":["GET"]}}],"collection":[{"href":"https:\/\/maisoncleo.com\/fr\/wp-json\/wp\/v2\/product"}],"about":[{"href":"https:\/\/maisoncleo.com\/fr\/wp-json\/wp\/v2\/types\/product"}],"version-history":[{"count":1,"href":"https:\/\/maisoncleo.com\/fr\/wp-json\/wp\/v2\/product\/365747\/revisions"}],"predecessor-version":[{"id":365782,"href":"https:\/\/maisoncleo.com\/fr\/wp-json\/wp\/v2\/product\/365747\/revisions\/365782"}],"wp:featuredmedia":[{"embeddable":true,"href":"https:\/\/maisoncleo.com\/fr\/wp-json\/wp\/v2\/media\/339188"}],"wp:attachment":[{"href":"https:\/\/maisoncleo.com\/fr\/wp-json\/wp\/v2\/media?parent=365747"}],"wp:term":[{"taxonomy":"product_brand","embeddable":true,"href":"https:\/\/maisoncleo.com\/fr\/wp-json\/wp\/v2\/product_brand?post=365747"},{"taxonomy":"product_cat","embeddable":true,"href":"https:\/\/maisoncleo.com\/fr\/wp-json\/wp\/v2\/product_cat?post=365747"},{"taxonomy":"product_tag","embeddable":true,"href":"https:\/\/maisoncleo.com\/fr\/wp-json\/wp\/v2\/product_tag?post=365747"}],"curies":[{"name":"wp","href":"https:\/\/api.w.org\/{rel}","templated":true}]}}