{"id":365729,"date":"2024-09-10T04:03:24","date_gmt":"2024-09-10T16:07:40","guid":{"rendered":"https:\/\/maisoncleo.com\/\/?post_type=product&#038;p=365729"},"modified":"2024-09-10T21:19:37","modified_gmt":"2024-09-10T19:19:37","slug":"ready-to-ship-runway-look-32-jupe-anne-version-iii","status":"publish","type":"product","link":"https:\/\/maisoncleo.com\/fr\/shop\/ready-to-ship-runway-look-32-jupe-anne-version-iii\/","title":{"rendered":"READY-TO-SHIP &#8211; RUNWAY LOOK 32 \u2013 Jupe ANNE version III"},"content":{"rendered":"<p>Jupe \u00e9crue, mati\u00e8re effet smock\u00e9. Ajust\u00e9e, taille haute, fermeture \u00e9clair zip dans le dos. 100% magnifique soie smock\u00e9e textur\u00e9e.<\/p>\n<p>LOOK 32 de notre premier d\u00e9fil\u00e9 \u00ab\u00a0Premi\u00e8re Fois\u00a0\u00bb en mars 2022.<\/p>\n<p>La mod\u00e8le mesure 1m75 et porte une taille S-36.<\/p>\n","protected":false},"excerpt":{"rendered":"<p>Jupe \u00e9crue, mati\u00e8re effet smock\u00e9. Ajust\u00e9e, taille haute, fermeture \u00e9clair zip dans le dos. 100% magnifique soie smock\u00e9e textur\u00e9e. LOOK 32 de&hellip;<\/p>\n","protected":false},"featured_media":341791,"template":"","meta":[],"product_brand":[],"product_cat":[669,913],"product_tag":[],"class_list":{"0":"post-365729","1":"product","2":"type-product","3":"status-publish","4":"has-post-thumbnail","6":"product_cat-always-buyable-fr","7":"product_cat-ready-to-ship","8":"pa_taille-s-36-2","10":"first","11":"instock","12":"taxable","13":"shipping-taxable","14":"purchasable","15":"product-type-variable"},"_links":{"self":[{"href":"https:\/\/maisoncleo.com\/fr\/wp-json\/wp\/v2\/product\/365729","targetHints":{"allow":["GET"]}}],"collection":[{"href":"https:\/\/maisoncleo.com\/fr\/wp-json\/wp\/v2\/product"}],"about":[{"href":"https:\/\/maisoncleo.com\/fr\/wp-json\/wp\/v2\/types\/product"}],"version-history":[{"count":1,"href":"https:\/\/maisoncleo.com\/fr\/wp-json\/wp\/v2\/product\/365729\/revisions"}],"predecessor-version":[{"id":369592,"href":"https:\/\/maisoncleo.com\/fr\/wp-json\/wp\/v2\/product\/365729\/revisions\/369592"}],"wp:featuredmedia":[{"embeddable":true,"href":"https:\/\/maisoncleo.com\/fr\/wp-json\/wp\/v2\/media\/341791"}],"wp:attachment":[{"href":"https:\/\/maisoncleo.com\/fr\/wp-json\/wp\/v2\/media?parent=365729"}],"wp:term":[{"taxonomy":"product_brand","embeddable":true,"href":"https:\/\/maisoncleo.com\/fr\/wp-json\/wp\/v2\/product_brand?post=365729"},{"taxonomy":"product_cat","embeddable":true,"href":"https:\/\/maisoncleo.com\/fr\/wp-json\/wp\/v2\/product_cat?post=365729"},{"taxonomy":"product_tag","embeddable":true,"href":"https:\/\/maisoncleo.com\/fr\/wp-json\/wp\/v2\/product_tag?post=365729"}],"curies":[{"name":"wp","href":"https:\/\/api.w.org\/{rel}","templated":true}]}}