{"id":365717,"date":"2024-09-10T04:03:02","date_gmt":"2024-09-10T16:07:18","guid":{"rendered":"https:\/\/maisoncleo.com\/\/?post_type=product&#038;p=365717"},"modified":"2024-09-10T21:19:34","modified_gmt":"2024-09-10T19:19:34","slug":"ready-to-ship-runway-look-19-mini-jupe-trapeze-blanche-transparente-style-impermeable","status":"publish","type":"product","link":"https:\/\/maisoncleo.com\/fr\/shop\/ready-to-ship-runway-look-19-mini-jupe-trapeze-blanche-transparente-style-impermeable\/","title":{"rendered":"READY-TO-SHIP &#8211; RUNWAY LOOK 19 \u2013 Mini jupe trapeze blanche transparente style imperm\u00e9able"},"content":{"rendered":"<p>Mini jupe style imperm\u00e9able blanche transparente. Cintr\u00e9e, taille haute, coupe trapeze, fermeture \u00e9clair dans le dos. La petite jupe \u00e0 porter au dessus de tous vos maillots de bain cet \u00e9t\u00e9!<\/p>\n<p>LOOK 19 de notre premier d\u00e9fil\u00e9 \u00ab\u00a0Premi\u00e8re Fois\u00a0\u00bb en mars 2022.<\/p>\n<p>La mod\u00e8le mesure 1m75 et porte une taille S-36.<\/p>\n","protected":false},"excerpt":{"rendered":"<p>Mini jupe style imperm\u00e9able blanche transparente. Cintr\u00e9e, taille haute, coupe trapeze, fermeture \u00e9clair dans le dos. La petite jupe \u00e0 porter au&hellip;<\/p>\n","protected":false},"featured_media":341534,"template":"","meta":[],"product_brand":[],"product_cat":[669,913],"product_tag":[],"class_list":{"0":"post-365717","1":"product","2":"type-product","3":"status-publish","4":"has-post-thumbnail","6":"product_cat-always-buyable-fr","7":"product_cat-ready-to-ship","8":"pa_taille-s-36-2","10":"first","11":"instock","12":"taxable","13":"shipping-taxable","14":"purchasable","15":"product-type-variable"},"_links":{"self":[{"href":"https:\/\/maisoncleo.com\/fr\/wp-json\/wp\/v2\/product\/365717","targetHints":{"allow":["GET"]}}],"collection":[{"href":"https:\/\/maisoncleo.com\/fr\/wp-json\/wp\/v2\/product"}],"about":[{"href":"https:\/\/maisoncleo.com\/fr\/wp-json\/wp\/v2\/types\/product"}],"version-history":[{"count":1,"href":"https:\/\/maisoncleo.com\/fr\/wp-json\/wp\/v2\/product\/365717\/revisions"}],"predecessor-version":[{"id":369591,"href":"https:\/\/maisoncleo.com\/fr\/wp-json\/wp\/v2\/product\/365717\/revisions\/369591"}],"wp:featuredmedia":[{"embeddable":true,"href":"https:\/\/maisoncleo.com\/fr\/wp-json\/wp\/v2\/media\/341534"}],"wp:attachment":[{"href":"https:\/\/maisoncleo.com\/fr\/wp-json\/wp\/v2\/media?parent=365717"}],"wp:term":[{"taxonomy":"product_brand","embeddable":true,"href":"https:\/\/maisoncleo.com\/fr\/wp-json\/wp\/v2\/product_brand?post=365717"},{"taxonomy":"product_cat","embeddable":true,"href":"https:\/\/maisoncleo.com\/fr\/wp-json\/wp\/v2\/product_cat?post=365717"},{"taxonomy":"product_tag","embeddable":true,"href":"https:\/\/maisoncleo.com\/fr\/wp-json\/wp\/v2\/product_tag?post=365717"}],"curies":[{"name":"wp","href":"https:\/\/api.w.org\/{rel}","templated":true}]}}