{"id":365692,"date":"2024-09-10T04:02:38","date_gmt":"2024-09-10T16:06:26","guid":{"rendered":"https:\/\/maisoncleo.com\/\/?post_type=product&#038;p=365692"},"modified":"2024-09-10T21:19:27","modified_gmt":"2024-09-10T19:19:27","slug":"ready-to-ship-coup-de-foudre-defile-look-14-jupe-sirene-en-laine-melangee-gris-chine-multi","status":"publish","type":"product","link":"https:\/\/maisoncleo.com\/fr\/shop\/ready-to-ship-coup-de-foudre-defile-look-14-jupe-sirene-en-laine-melangee-gris-chine-multi\/","title":{"rendered":"READY-TO-SHIP &#8211; COUP DE FOUDRE d\u00e9fil\u00e9 LOOK 14 &#8211; Jupe sir\u00e8ne en laine m\u00e9lang\u00e9e gris chin\u00e9 multi"},"content":{"rendered":"<p>Jupe sir\u00e8ne en laine m\u00e9lang\u00e9e gris chin\u00e9 multi.<\/p>\n<p>R\u00e9alis\u00e9e avec un travail de d\u00e9tails relief\u00e9s. Bord c\u00f4te \u00e0 la taille. Coupe \u00e9vas\u00e9e, mi-longue.<\/p>\n<p>LOOK 14 de notre d\u00e9fil\u00e9 \u201cCoup de foudre\u201d de mars 2023.<\/p>\n<p>La mod\u00e8le mesure 1m71 et porte une taille S-36.<\/p>\n","protected":false},"excerpt":{"rendered":"<p>Jupe sir\u00e8ne en laine m\u00e9lang\u00e9e gris chin\u00e9 multi. R\u00e9alis\u00e9e avec un travail de d\u00e9tails relief\u00e9s. Bord c\u00f4te \u00e0 la taille. Coupe \u00e9vas\u00e9e,&hellip;<\/p>\n","protected":false},"featured_media":348079,"template":"","meta":[],"product_brand":[],"product_cat":[669,913],"product_tag":[],"class_list":{"0":"post-365692","1":"product","2":"type-product","3":"status-publish","4":"has-post-thumbnail","6":"product_cat-always-buyable-fr","7":"product_cat-ready-to-ship","8":"pa_taille-l-40-2","9":"pa_taille-m-38-2","10":"pa_taille-s-36-2","11":"pa_taille-sur-mesure-fr-2","12":"pa_taille-xl-42-fr-2","13":"pa_taille-xs-34-2","15":"first","16":"instock","17":"taxable","18":"shipping-taxable","19":"purchasable","20":"product-type-variable"},"_links":{"self":[{"href":"https:\/\/maisoncleo.com\/fr\/wp-json\/wp\/v2\/product\/365692","targetHints":{"allow":["GET"]}}],"collection":[{"href":"https:\/\/maisoncleo.com\/fr\/wp-json\/wp\/v2\/product"}],"about":[{"href":"https:\/\/maisoncleo.com\/fr\/wp-json\/wp\/v2\/types\/product"}],"version-history":[{"count":1,"href":"https:\/\/maisoncleo.com\/fr\/wp-json\/wp\/v2\/product\/365692\/revisions"}],"predecessor-version":[{"id":365733,"href":"https:\/\/maisoncleo.com\/fr\/wp-json\/wp\/v2\/product\/365692\/revisions\/365733"}],"wp:featuredmedia":[{"embeddable":true,"href":"https:\/\/maisoncleo.com\/fr\/wp-json\/wp\/v2\/media\/348079"}],"wp:attachment":[{"href":"https:\/\/maisoncleo.com\/fr\/wp-json\/wp\/v2\/media?parent=365692"}],"wp:term":[{"taxonomy":"product_brand","embeddable":true,"href":"https:\/\/maisoncleo.com\/fr\/wp-json\/wp\/v2\/product_brand?post=365692"},{"taxonomy":"product_cat","embeddable":true,"href":"https:\/\/maisoncleo.com\/fr\/wp-json\/wp\/v2\/product_cat?post=365692"},{"taxonomy":"product_tag","embeddable":true,"href":"https:\/\/maisoncleo.com\/fr\/wp-json\/wp\/v2\/product_tag?post=365692"}],"curies":[{"name":"wp","href":"https:\/\/api.w.org\/{rel}","templated":true}]}}