{"id":365680,"date":"2024-09-10T04:02:38","date_gmt":"2024-09-10T16:06:03","guid":{"rendered":"https:\/\/maisoncleo.com\/\/?post_type=product&#038;p=365680"},"modified":"2024-09-10T21:19:24","modified_gmt":"2024-09-10T19:19:24","slug":"ready-to-ship-ss22-runway-look-5-debardeur-en-soie-maisoncleo-fff4ever-aux-motifs-coeurs-lily","status":"publish","type":"product","link":"https:\/\/maisoncleo.com\/fr\/shop\/ready-to-ship-ss22-runway-look-5-debardeur-en-soie-maisoncleo-fff4ever-aux-motifs-coeurs-lily\/","title":{"rendered":"READY TO SHIP &#8211; SS22 RUNWAY LOOK 5 \u2013 D\u00e9bardeur en soie \u00ab\u00a0MaisonCl\u00e9o FFF4ever\u00a0\u00bb aux motifs c\u0153urs LILY"},"content":{"rendered":"<p>Le d\u00e9bardeur LILY, r\u00e9alis\u00e9 dans un tissu r\u00e9cup\u00e9r\u00e9 en soie ivoire o\u00f9 nous avons imprim\u00e9 notre nouveau motif de c\u0153urs FFF (F*ck Fast Fashion) sur un fond rose d\u00e9licieux. Encolure b\u00e9nitier, fluide, dos nu, fines bretelles \u00e0 nouer au dos et \u00e0 l&rsquo;encolure. 100% soie satin\u00e9e.<\/p>\n<p>LOOK 5 issu de notre premier d\u00e9fil\u00e9 \u00ab\u00a0Premi\u00e8re fois\u00a0\u00bb en Mars 2022.<\/p>\n<p>La mod\u00e8le mesure 1m75 et porte une taille S-36.<\/p>\n","protected":false},"excerpt":{"rendered":"<p>Le d\u00e9bardeur LILY, r\u00e9alis\u00e9 dans un tissu r\u00e9cup\u00e9r\u00e9 en soie ivoire o\u00f9 nous avons imprim\u00e9 notre nouveau motif de c\u0153urs FFF (F*ck&hellip;<\/p>\n","protected":false},"featured_media":340955,"template":"","meta":[],"product_brand":[],"product_cat":[669,913],"product_tag":[],"class_list":{"0":"post-365680","1":"product","2":"type-product","3":"status-publish","4":"has-post-thumbnail","6":"product_cat-always-buyable-fr","7":"product_cat-ready-to-ship","8":"pa_taille-m-38-2","9":"pa_taille-s-36-2","10":"pa_taille-xs-34-2","12":"first","13":"instock","14":"taxable","15":"shipping-taxable","16":"purchasable","17":"product-type-variable"},"_links":{"self":[{"href":"https:\/\/maisoncleo.com\/fr\/wp-json\/wp\/v2\/product\/365680","targetHints":{"allow":["GET"]}}],"collection":[{"href":"https:\/\/maisoncleo.com\/fr\/wp-json\/wp\/v2\/product"}],"about":[{"href":"https:\/\/maisoncleo.com\/fr\/wp-json\/wp\/v2\/types\/product"}],"version-history":[{"count":1,"href":"https:\/\/maisoncleo.com\/fr\/wp-json\/wp\/v2\/product\/365680\/revisions"}],"predecessor-version":[{"id":365712,"href":"https:\/\/maisoncleo.com\/fr\/wp-json\/wp\/v2\/product\/365680\/revisions\/365712"}],"wp:featuredmedia":[{"embeddable":true,"href":"https:\/\/maisoncleo.com\/fr\/wp-json\/wp\/v2\/media\/340955"}],"wp:attachment":[{"href":"https:\/\/maisoncleo.com\/fr\/wp-json\/wp\/v2\/media?parent=365680"}],"wp:term":[{"taxonomy":"product_brand","embeddable":true,"href":"https:\/\/maisoncleo.com\/fr\/wp-json\/wp\/v2\/product_brand?post=365680"},{"taxonomy":"product_cat","embeddable":true,"href":"https:\/\/maisoncleo.com\/fr\/wp-json\/wp\/v2\/product_cat?post=365680"},{"taxonomy":"product_tag","embeddable":true,"href":"https:\/\/maisoncleo.com\/fr\/wp-json\/wp\/v2\/product_tag?post=365680"}],"curies":[{"name":"wp","href":"https:\/\/api.w.org\/{rel}","templated":true}]}}