{"id":365669,"date":"2024-09-10T04:01:44","date_gmt":"2024-09-10T16:05:40","guid":{"rendered":"https:\/\/maisoncleo.com\/\/?post_type=product&#038;p=365669"},"modified":"2024-09-10T21:19:19","modified_gmt":"2024-09-10T19:19:19","slug":"ready-to-ship-runway-look-30-mini-jupe-rose-fuchsia-tricotee-avec-fentes-et-piercing-coeur","status":"publish","type":"product","link":"https:\/\/maisoncleo.com\/fr\/shop\/ready-to-ship-runway-look-30-mini-jupe-rose-fuchsia-tricotee-avec-fentes-et-piercing-coeur\/","title":{"rendered":"READY TO SHIP &#8211; RUNWAY LOOK 30 &#8211; Mini jupe rose fuchsia tricot\u00e9e avec fentes et piercing coeur"},"content":{"rendered":"<p>Mini jupe en maille rose fuchsia avec cha\u00eene effet piercing coeur. Ajust\u00e9e, deux fentes arrondies sur chaque c\u00f4t\u00e9. Cha\u00eene fine avec bijoux c\u0153ur rose Swarovski transparent.<\/p>\n<p>LOOK 30 de notre premier d\u00e9fil\u00e9 \u00ab\u00a0Premi\u00e8re Fois\u00a0\u00bb en mars 2022.<\/p>\n<p>La mod\u00e8le mesure 1m75 et porte une taille S-36.<\/p>\n","protected":false},"excerpt":{"rendered":"<p>Mini jupe en maille rose fuchsia avec cha\u00eene effet piercing coeur. Ajust\u00e9e, deux fentes arrondies sur chaque c\u00f4t\u00e9. Cha\u00eene fine avec bijoux&hellip;<\/p>\n","protected":false},"featured_media":342007,"template":"","meta":[],"product_brand":[],"product_cat":[669,913],"product_tag":[],"class_list":{"0":"post-365669","1":"product","2":"type-product","3":"status-publish","4":"has-post-thumbnail","6":"product_cat-always-buyable-fr","7":"product_cat-ready-to-ship","8":"pa_taille-l-40-2","9":"pa_taille-m-38-2","10":"pa_taille-s-36-2","11":"pa_taille-sur-mesure-fr-2","12":"pa_taille-xl-42-fr-2","13":"pa_taille-xs-34-2","15":"first","16":"instock","17":"taxable","18":"shipping-taxable","19":"purchasable","20":"product-type-variable"},"_links":{"self":[{"href":"https:\/\/maisoncleo.com\/fr\/wp-json\/wp\/v2\/product\/365669","targetHints":{"allow":["GET"]}}],"collection":[{"href":"https:\/\/maisoncleo.com\/fr\/wp-json\/wp\/v2\/product"}],"about":[{"href":"https:\/\/maisoncleo.com\/fr\/wp-json\/wp\/v2\/types\/product"}],"version-history":[{"count":1,"href":"https:\/\/maisoncleo.com\/fr\/wp-json\/wp\/v2\/product\/365669\/revisions"}],"predecessor-version":[{"id":365700,"href":"https:\/\/maisoncleo.com\/fr\/wp-json\/wp\/v2\/product\/365669\/revisions\/365700"}],"wp:featuredmedia":[{"embeddable":true,"href":"https:\/\/maisoncleo.com\/fr\/wp-json\/wp\/v2\/media\/342007"}],"wp:attachment":[{"href":"https:\/\/maisoncleo.com\/fr\/wp-json\/wp\/v2\/media?parent=365669"}],"wp:term":[{"taxonomy":"product_brand","embeddable":true,"href":"https:\/\/maisoncleo.com\/fr\/wp-json\/wp\/v2\/product_brand?post=365669"},{"taxonomy":"product_cat","embeddable":true,"href":"https:\/\/maisoncleo.com\/fr\/wp-json\/wp\/v2\/product_cat?post=365669"},{"taxonomy":"product_tag","embeddable":true,"href":"https:\/\/maisoncleo.com\/fr\/wp-json\/wp\/v2\/product_tag?post=365669"}],"curies":[{"name":"wp","href":"https:\/\/api.w.org\/{rel}","templated":true}]}}