{"id":365666,"date":"2024-09-10T04:01:44","date_gmt":"2024-09-10T16:05:39","guid":{"rendered":"https:\/\/maisoncleo.com\/\/?post_type=product&#038;p=365666"},"modified":"2024-09-10T21:19:18","modified_gmt":"2024-09-10T19:19:18","slug":"ready-to-ship-runway-look-23-jupe-longue-tricotee-en-coton-noir-avec-fentes","status":"publish","type":"product","link":"https:\/\/maisoncleo.com\/fr\/shop\/ready-to-ship-runway-look-23-jupe-longue-tricotee-en-coton-noir-avec-fentes\/","title":{"rendered":"READY TO SHIP &#8211; RUNWAY LOOK 23 &#8211; Jupe longue tricot\u00e9e en coton noir avec fentes"},"content":{"rendered":"<p>Jupe longue tricot\u00e9e en coton noir. Ajust\u00e9e, fente ronde sur chaque c\u00f4t\u00e9. Va avec tout et donne un fit incroyable! 100% coton organique.<\/p>\n<p>LOOK 23 issu de notre premier d\u00e9fil\u00e9 \u00ab\u00a0Premi\u00e8re Fois\u00a0\u00bb en mars 2022.<\/p>\n<p>La mod\u00e8le mesure 1m75 et porte une taille S-36.<\/p>\n","protected":false},"excerpt":{"rendered":"<p>Jupe longue tricot\u00e9e en coton noir. Ajust\u00e9e, fente ronde sur chaque c\u00f4t\u00e9. Va avec tout et donne un fit incroyable! 100% coton&hellip;<\/p>\n","protected":false},"featured_media":341694,"template":"","meta":[],"product_brand":[],"product_cat":[669,913],"product_tag":[],"class_list":{"0":"post-365666","1":"product","2":"type-product","3":"status-publish","4":"has-post-thumbnail","6":"product_cat-always-buyable-fr","7":"product_cat-ready-to-ship","8":"pa_taille-l-40-2","9":"pa_taille-m-38-2","10":"pa_taille-s-36-2","11":"pa_taille-xl-42-fr-2","12":"pa_taille-xs-34-2","14":"first","15":"instock","16":"taxable","17":"shipping-taxable","18":"purchasable","19":"product-type-variable"},"_links":{"self":[{"href":"https:\/\/maisoncleo.com\/fr\/wp-json\/wp\/v2\/product\/365666","targetHints":{"allow":["GET"]}}],"collection":[{"href":"https:\/\/maisoncleo.com\/fr\/wp-json\/wp\/v2\/product"}],"about":[{"href":"https:\/\/maisoncleo.com\/fr\/wp-json\/wp\/v2\/types\/product"}],"version-history":[{"count":1,"href":"https:\/\/maisoncleo.com\/fr\/wp-json\/wp\/v2\/product\/365666\/revisions"}],"predecessor-version":[{"id":365699,"href":"https:\/\/maisoncleo.com\/fr\/wp-json\/wp\/v2\/product\/365666\/revisions\/365699"}],"wp:featuredmedia":[{"embeddable":true,"href":"https:\/\/maisoncleo.com\/fr\/wp-json\/wp\/v2\/media\/341694"}],"wp:attachment":[{"href":"https:\/\/maisoncleo.com\/fr\/wp-json\/wp\/v2\/media?parent=365666"}],"wp:term":[{"taxonomy":"product_brand","embeddable":true,"href":"https:\/\/maisoncleo.com\/fr\/wp-json\/wp\/v2\/product_brand?post=365666"},{"taxonomy":"product_cat","embeddable":true,"href":"https:\/\/maisoncleo.com\/fr\/wp-json\/wp\/v2\/product_cat?post=365666"},{"taxonomy":"product_tag","embeddable":true,"href":"https:\/\/maisoncleo.com\/fr\/wp-json\/wp\/v2\/product_tag?post=365666"}],"curies":[{"name":"wp","href":"https:\/\/api.w.org\/{rel}","templated":true}]}}