{"id":365650,"date":"2026-03-09T04:00:28","date_gmt":"2026-03-09T02:00:28","guid":{"rendered":"https:\/\/maisoncleo.com\/\/?post_type=product&#038;p=365650"},"modified":"2026-04-29T19:20:32","modified_gmt":"2026-04-29T17:20:32","slug":"runway-look-48-bas-de-maillot-de-bain-bresilien-en-coton-noir-2","status":"publish","type":"product","link":"https:\/\/maisoncleo.com\/fr\/shop\/runway-look-48-bas-de-maillot-de-bain-bresilien-en-coton-noir-2\/","title":{"rendered":"READY TO SHIP &#8211; Bas de maillot de bain \u00ab\u00a0F*ck fast Fashion\u00a0\u00bb br\u00e9silien noir"},"content":{"rendered":"<p>Bas de maillot de bain br\u00e9silien en coton noir. MC floqu\u00e9 sur le c\u00f4t\u00e9 gauche. FFF4EVER (=F*ck Fast Fashion) \u00e0 l\u2019arri\u00e8re. Je souhaitais notre premi\u00e8re ligne de maillots de bain du m\u00eame tissu que mes maillots vintage des ann\u00e9es 80 : en coton! &lt;3 96% coton, 4% \u00e9lasthanne. Doubl\u00e9.<\/p>\n<p>LOOK 48 issu de notre premier d\u00e9fil\u00e9 \u00ab\u00a0Premi\u00e8re Fois\u00a0\u00bb en mars 2022.<\/p>\n<p>La mod\u00e8le mesure 1m75 et porte une taille S-36.<\/p>\n","protected":false},"excerpt":{"rendered":"<p>Bas de maillot de bain br\u00e9silien en coton noir. MC floqu\u00e9 sur le c\u00f4t\u00e9 gauche. FFF4EVER (=F*ck Fast Fashion) \u00e0 l\u2019arri\u00e8re. Je&hellip;<\/p>\n","protected":false},"featured_media":400643,"template":"","meta":[],"product_brand":[],"product_cat":[913],"product_tag":[],"class_list":{"0":"post-365650","1":"product","2":"type-product","3":"status-publish","4":"has-post-thumbnail","6":"product_cat-ready-to-ship","8":"first","9":"instock","10":"taxable","11":"shipping-taxable","12":"purchasable","13":"product-type-variable"},"_links":{"self":[{"href":"https:\/\/maisoncleo.com\/fr\/wp-json\/wp\/v2\/product\/365650","targetHints":{"allow":["GET"]}}],"collection":[{"href":"https:\/\/maisoncleo.com\/fr\/wp-json\/wp\/v2\/product"}],"about":[{"href":"https:\/\/maisoncleo.com\/fr\/wp-json\/wp\/v2\/types\/product"}],"version-history":[{"count":2,"href":"https:\/\/maisoncleo.com\/fr\/wp-json\/wp\/v2\/product\/365650\/revisions"}],"predecessor-version":[{"id":400652,"href":"https:\/\/maisoncleo.com\/fr\/wp-json\/wp\/v2\/product\/365650\/revisions\/400652"}],"wp:featuredmedia":[{"embeddable":true,"href":"https:\/\/maisoncleo.com\/fr\/wp-json\/wp\/v2\/media\/400643"}],"wp:attachment":[{"href":"https:\/\/maisoncleo.com\/fr\/wp-json\/wp\/v2\/media?parent=365650"}],"wp:term":[{"taxonomy":"product_brand","embeddable":true,"href":"https:\/\/maisoncleo.com\/fr\/wp-json\/wp\/v2\/product_brand?post=365650"},{"taxonomy":"product_cat","embeddable":true,"href":"https:\/\/maisoncleo.com\/fr\/wp-json\/wp\/v2\/product_cat?post=365650"},{"taxonomy":"product_tag","embeddable":true,"href":"https:\/\/maisoncleo.com\/fr\/wp-json\/wp\/v2\/product_tag?post=365650"}],"curies":[{"name":"wp","href":"https:\/\/api.w.org\/{rel}","templated":true}]}}