{"id":365630,"date":"2024-09-10T03:59:31","date_gmt":"2024-09-10T16:04:29","guid":{"rendered":"https:\/\/maisoncleo.com\/\/?post_type=product&#038;p=365630"},"modified":"2024-09-10T21:19:06","modified_gmt":"2024-09-10T19:19:06","slug":"robe-babydoll-en-mousseline-de-soie-fleurie-ecru-orange-et-fuschia","status":"publish","type":"product","link":"https:\/\/maisoncleo.com\/fr\/shop\/robe-babydoll-en-mousseline-de-soie-fleurie-ecru-orange-et-fuschia\/","title":{"rendered":"Robe babydoll en mousseline de soie fleurie ecru orange et fuschia"},"content":{"rendered":"<p>Robe babydoll en mousseline de soie fleurie ecru, orange et fuschia.<\/p>\n<p>D\u00e9collet\u00e9e sur la poitrine et dans le dos, bretelles. Motif fleurs multicolores. Finitions bourdon. Coupe \u00e9vas\u00e9e. Mousseline de soie douce et fluide. Doubl\u00e9e avec du satin de soie ivoire.<\/p>\n<p>Nous pouvons faire 19 robes dans ce tissu.<\/p>\n<p>Variante du LOOK 24 de notre d\u00e9fil\u00e9 \u201cCoup de foudre\u201d de mars 2023.<\/p>\n<p>Longueur avant \u00e0 plat: 64 cm. Longueur dos \u00e0 plat: 73 cm. Bretelles: 17 cm.<\/p>\n<p>La mod\u00e8le mesure 1m71 et porte une taille S-36.<\/p>\n","protected":false},"excerpt":{"rendered":"<p>Robe babydoll en mousseline de soie fleurie ecru, orange et fuschia. D\u00e9collet\u00e9e sur la poitrine et dans le dos, bretelles. Motif fleurs&hellip;<\/p>\n","protected":false},"featured_media":349296,"template":"","meta":[],"product_brand":[],"product_cat":[668,664,661],"product_tag":[],"class_list":{"0":"post-365630","1":"product","2":"type-product","3":"status-publish","4":"has-post-thumbnail","6":"product_cat-capsule","7":"product_cat-robes","8":"product_cat-tout-voir","9":"pa_taille-l-40-2","10":"pa_taille-m-38-2","11":"pa_taille-s-36-2","12":"pa_taille-sur-mesure-fr-2","13":"pa_taille-xl-42-fr-2","14":"pa_taille-xs-34-2","16":"first","17":"outofstock","18":"taxable","19":"shipping-taxable","20":"purchasable","21":"product-type-variable"},"_links":{"self":[{"href":"https:\/\/maisoncleo.com\/fr\/wp-json\/wp\/v2\/product\/365630","targetHints":{"allow":["GET"]}}],"collection":[{"href":"https:\/\/maisoncleo.com\/fr\/wp-json\/wp\/v2\/product"}],"about":[{"href":"https:\/\/maisoncleo.com\/fr\/wp-json\/wp\/v2\/types\/product"}],"version-history":[{"count":1,"href":"https:\/\/maisoncleo.com\/fr\/wp-json\/wp\/v2\/product\/365630\/revisions"}],"predecessor-version":[{"id":365661,"href":"https:\/\/maisoncleo.com\/fr\/wp-json\/wp\/v2\/product\/365630\/revisions\/365661"}],"wp:featuredmedia":[{"embeddable":true,"href":"https:\/\/maisoncleo.com\/fr\/wp-json\/wp\/v2\/media\/349296"}],"wp:attachment":[{"href":"https:\/\/maisoncleo.com\/fr\/wp-json\/wp\/v2\/media?parent=365630"}],"wp:term":[{"taxonomy":"product_brand","embeddable":true,"href":"https:\/\/maisoncleo.com\/fr\/wp-json\/wp\/v2\/product_brand?post=365630"},{"taxonomy":"product_cat","embeddable":true,"href":"https:\/\/maisoncleo.com\/fr\/wp-json\/wp\/v2\/product_cat?post=365630"},{"taxonomy":"product_tag","embeddable":true,"href":"https:\/\/maisoncleo.com\/fr\/wp-json\/wp\/v2\/product_tag?post=365630"}],"curies":[{"name":"wp","href":"https:\/\/api.w.org\/{rel}","templated":true}]}}