{"id":365623,"date":"2024-09-10T03:58:56","date_gmt":"2024-09-10T16:04:28","guid":{"rendered":"https:\/\/maisoncleo.com\/\/?post_type=product&#038;p=365623"},"modified":"2024-09-10T21:19:05","modified_gmt":"2024-09-10T19:19:05","slug":"robe-a-volants-petites-roses-en-maille-volantee-adele","status":"publish","type":"product","link":"https:\/\/maisoncleo.com\/fr\/shop\/robe-a-volants-petites-roses-en-maille-volantee-adele\/","title":{"rendered":"Robe \u00e0 volants petites roses en maille volant\u00e9e AD\u00c8LE"},"content":{"rendered":"<p>Haut de la robe style bustier moulant,. d\u00e9collect\u00e9 plongeant enfin forme de demi lune, fente c\u00f4t\u00e9 droit, rang\u00e9e de volants assym\u00e9trique. Doubl\u00e9e. Imprim\u00e9 exclusif fait en collaboration la peintre belge Steve Dixx! Tissu transparent en mesh mais doubl\u00e9e en mesh noir pour un rendu opaque.<\/p>\n<p>&nbsp;<\/p>\n","protected":false},"excerpt":{"rendered":"<p>Haut de la robe style bustier moulant,. d\u00e9collect\u00e9 plongeant enfin forme de demi lune, fente c\u00f4t\u00e9 droit, rang\u00e9e de volants assym\u00e9trique. Doubl\u00e9e.&hellip;<\/p>\n","protected":false},"featured_media":349272,"template":"","meta":[],"product_brand":[],"product_cat":[664,661],"product_tag":[],"class_list":{"0":"post-365623","1":"product","2":"type-product","3":"status-publish","4":"has-post-thumbnail","6":"product_cat-robes","7":"product_cat-tout-voir","8":"pa_taille-l-40-2","9":"pa_taille-m-38-2","10":"pa_taille-s-36-2","11":"pa_taille-sur-mesure-fr-2","12":"pa_taille-xl-42-fr-2","13":"pa_taille-xs-34-2","15":"first","16":"outofstock","17":"taxable","18":"shipping-taxable","19":"purchasable","20":"product-type-variable"},"_links":{"self":[{"href":"https:\/\/maisoncleo.com\/fr\/wp-json\/wp\/v2\/product\/365623","targetHints":{"allow":["GET"]}}],"collection":[{"href":"https:\/\/maisoncleo.com\/fr\/wp-json\/wp\/v2\/product"}],"about":[{"href":"https:\/\/maisoncleo.com\/fr\/wp-json\/wp\/v2\/types\/product"}],"version-history":[{"count":1,"href":"https:\/\/maisoncleo.com\/fr\/wp-json\/wp\/v2\/product\/365623\/revisions"}],"predecessor-version":[{"id":365647,"href":"https:\/\/maisoncleo.com\/fr\/wp-json\/wp\/v2\/product\/365623\/revisions\/365647"}],"wp:featuredmedia":[{"embeddable":true,"href":"https:\/\/maisoncleo.com\/fr\/wp-json\/wp\/v2\/media\/349272"}],"wp:attachment":[{"href":"https:\/\/maisoncleo.com\/fr\/wp-json\/wp\/v2\/media?parent=365623"}],"wp:term":[{"taxonomy":"product_brand","embeddable":true,"href":"https:\/\/maisoncleo.com\/fr\/wp-json\/wp\/v2\/product_brand?post=365623"},{"taxonomy":"product_cat","embeddable":true,"href":"https:\/\/maisoncleo.com\/fr\/wp-json\/wp\/v2\/product_cat?post=365623"},{"taxonomy":"product_tag","embeddable":true,"href":"https:\/\/maisoncleo.com\/fr\/wp-json\/wp\/v2\/product_tag?post=365623"}],"curies":[{"name":"wp","href":"https:\/\/api.w.org\/{rel}","templated":true}]}}