{"id":365614,"date":"2024-09-10T03:58:35","date_gmt":"2024-09-10T16:04:05","guid":{"rendered":"https:\/\/maisoncleo.com\/\/?post_type=product&#038;p=365614"},"modified":"2024-09-10T21:19:04","modified_gmt":"2024-09-10T19:19:04","slug":"coup-de-foudre-ii-robe-mini-legerement-transparente-a-paillettes-argentees-gris-fonce","status":"publish","type":"product","link":"https:\/\/maisoncleo.com\/fr\/shop\/coup-de-foudre-ii-robe-mini-legerement-transparente-a-paillettes-argentees-gris-fonce\/","title":{"rendered":"COUP DE FOUDRE II &#8211; Robe mini l\u00e9g\u00e8rement transparente \u00e0 paillettes argent\u00e9es gris fonc\u00e9"},"content":{"rendered":"<p>Robe mini l\u00e9g\u00e8rement transparente \u00e0 paillettes argent\u00e9es gris fonc\u00e9.<\/p>\n<p>Bretelles transparentes. Incrust\u00e9e d&rsquo;un fil brillant argent\u00e9. Coupe pr\u00e8s du corps.<\/p>\n<p>Variation du LOOK 20 de notre d\u00e9fil\u00e9 \u00a0\u201cCoup de foudre\u201d de mars 2023.<\/p>\n<p>La mod\u00e8le mesure 1m71 et porte une taille S-36.<\/p>\n","protected":false},"excerpt":{"rendered":"<p>Robe mini l\u00e9g\u00e8rement transparente \u00e0 paillettes argent\u00e9es gris fonc\u00e9. Bretelles transparentes. Incrust\u00e9e d&rsquo;un fil brillant argent\u00e9. Coupe pr\u00e8s du corps. Variation du&hellip;<\/p>\n","protected":false},"featured_media":349245,"template":"","meta":[],"product_brand":[],"product_cat":[664,661],"product_tag":[],"class_list":{"0":"post-365614","1":"product","2":"type-product","3":"status-publish","4":"has-post-thumbnail","6":"product_cat-robes","7":"product_cat-tout-voir","8":"pa_taille-l-40-2","9":"pa_taille-m-38-2","10":"pa_taille-s-36-2","11":"pa_taille-sur-mesure-fr-2","12":"pa_taille-xl-42-fr-2","13":"pa_taille-xs-34-2","15":"first","16":"outofstock","17":"taxable","18":"shipping-taxable","19":"purchasable","20":"product-type-variable"},"_links":{"self":[{"href":"https:\/\/maisoncleo.com\/fr\/wp-json\/wp\/v2\/product\/365614","targetHints":{"allow":["GET"]}}],"collection":[{"href":"https:\/\/maisoncleo.com\/fr\/wp-json\/wp\/v2\/product"}],"about":[{"href":"https:\/\/maisoncleo.com\/fr\/wp-json\/wp\/v2\/types\/product"}],"version-history":[{"count":1,"href":"https:\/\/maisoncleo.com\/fr\/wp-json\/wp\/v2\/product\/365614\/revisions"}],"predecessor-version":[{"id":365634,"href":"https:\/\/maisoncleo.com\/fr\/wp-json\/wp\/v2\/product\/365614\/revisions\/365634"}],"wp:featuredmedia":[{"embeddable":true,"href":"https:\/\/maisoncleo.com\/fr\/wp-json\/wp\/v2\/media\/349245"}],"wp:attachment":[{"href":"https:\/\/maisoncleo.com\/fr\/wp-json\/wp\/v2\/media?parent=365614"}],"wp:term":[{"taxonomy":"product_brand","embeddable":true,"href":"https:\/\/maisoncleo.com\/fr\/wp-json\/wp\/v2\/product_brand?post=365614"},{"taxonomy":"product_cat","embeddable":true,"href":"https:\/\/maisoncleo.com\/fr\/wp-json\/wp\/v2\/product_cat?post=365614"},{"taxonomy":"product_tag","embeddable":true,"href":"https:\/\/maisoncleo.com\/fr\/wp-json\/wp\/v2\/product_tag?post=365614"}],"curies":[{"name":"wp","href":"https:\/\/api.w.org\/{rel}","templated":true}]}}