{"id":365583,"date":"2024-09-10T03:56:37","date_gmt":"2024-09-10T16:03:21","guid":{"rendered":"https:\/\/maisoncleo.com\/\/?post_type=product&#038;p=365583"},"modified":"2024-09-10T21:19:00","modified_gmt":"2024-09-10T19:19:00","slug":"coup-de-foudre-ii-jupe-longue-en-satin-de-soie-a-coquelicots","status":"publish","type":"product","link":"https:\/\/maisoncleo.com\/fr\/shop\/coup-de-foudre-ii-jupe-longue-en-satin-de-soie-a-coquelicots\/","title":{"rendered":"COUP DE FOUDRE II &#8211; Jupe longue en satin de soie \u00e0 coquelicots"},"content":{"rendered":"<p>Jupe longue en satin de soie \u00e0 coquelicots.<\/p>\n<p>Taille \u00e9lastiqu\u00e9e avec petit \u00e9lastique picot rose p\u00e2le. Coupe l\u00e9g\u00e8rement \u00e9vas\u00e9e, longueur cheville. Super douce et fluide &lt;3<\/p>\n<p>Nous avons besoin d&rsquo;une heure et demi pour faire une jupe.<\/p>\n<p>Nous pouvons faire 2 jupes dans ce tissu sp\u00e9cial.<\/p>\n<p>Variation de motif du LOOK 9 de notre d\u00e9fil\u00e9 \u201cCoup de foudre\u201d de mars 2023.<\/p>\n<p>Longueur \u00e0 plat: 100 cm.<\/p>\n<p>La mod\u00e8le mesure 1m71 et porte une taille S-36.<\/p>\n","protected":false},"excerpt":{"rendered":"<p>Jupe longue en satin de soie \u00e0 coquelicots. Taille \u00e9lastiqu\u00e9e avec petit \u00e9lastique picot rose p\u00e2le. Coupe l\u00e9g\u00e8rement \u00e9vas\u00e9e, longueur cheville. Super&hellip;<\/p>\n","protected":false},"featured_media":349194,"template":"","meta":[],"product_brand":[],"product_cat":[672,661],"product_tag":[],"class_list":{"0":"post-365583","1":"product","2":"type-product","3":"status-publish","4":"has-post-thumbnail","6":"product_cat-jupes","7":"product_cat-tout-voir","8":"pa_taille-l-40-2","9":"pa_taille-m-38-2","10":"pa_taille-s-36-2","11":"pa_taille-sur-mesure-fr-2","12":"pa_taille-xl-42-fr-2","13":"pa_taille-xs-34-2","15":"first","16":"outofstock","17":"taxable","18":"shipping-taxable","19":"purchasable","20":"product-type-variable"},"_links":{"self":[{"href":"https:\/\/maisoncleo.com\/fr\/wp-json\/wp\/v2\/product\/365583","targetHints":{"allow":["GET"]}}],"collection":[{"href":"https:\/\/maisoncleo.com\/fr\/wp-json\/wp\/v2\/product"}],"about":[{"href":"https:\/\/maisoncleo.com\/fr\/wp-json\/wp\/v2\/types\/product"}],"version-history":[{"count":1,"href":"https:\/\/maisoncleo.com\/fr\/wp-json\/wp\/v2\/product\/365583\/revisions"}],"predecessor-version":[{"id":365607,"href":"https:\/\/maisoncleo.com\/fr\/wp-json\/wp\/v2\/product\/365583\/revisions\/365607"}],"wp:featuredmedia":[{"embeddable":true,"href":"https:\/\/maisoncleo.com\/fr\/wp-json\/wp\/v2\/media\/349194"}],"wp:attachment":[{"href":"https:\/\/maisoncleo.com\/fr\/wp-json\/wp\/v2\/media?parent=365583"}],"wp:term":[{"taxonomy":"product_brand","embeddable":true,"href":"https:\/\/maisoncleo.com\/fr\/wp-json\/wp\/v2\/product_brand?post=365583"},{"taxonomy":"product_cat","embeddable":true,"href":"https:\/\/maisoncleo.com\/fr\/wp-json\/wp\/v2\/product_cat?post=365583"},{"taxonomy":"product_tag","embeddable":true,"href":"https:\/\/maisoncleo.com\/fr\/wp-json\/wp\/v2\/product_tag?post=365583"}],"curies":[{"name":"wp","href":"https:\/\/api.w.org\/{rel}","templated":true}]}}