{"id":365574,"date":"2024-09-10T03:56:02","date_gmt":"2024-09-10T16:02:57","guid":{"rendered":"https:\/\/maisoncleo.com\/\/?post_type=product&#038;p=365574"},"modified":"2024-09-10T21:18:58","modified_gmt":"2024-09-10T19:18:58","slug":"coup-de-foudre-ii-jupe-longue-satinee-tartan-rose-et-rouge","status":"publish","type":"product","link":"https:\/\/maisoncleo.com\/fr\/shop\/coup-de-foudre-ii-jupe-longue-satinee-tartan-rose-et-rouge\/","title":{"rendered":"COUP DE FOUDRE II &#8211; Jupe longue satin\u00e9e tartan rose et rouge"},"content":{"rendered":"<p>Jupe longue satin\u00e9e tartan rose et rouge.<\/p>\n<p>Taille \u00e9lastiqu\u00e9e. Coupe l\u00e9g\u00e8rement \u00e9vas\u00e9e, longueur cheville. Super douce, brillante et fluide &lt;3<\/p>\n<p>Une jolie longue jupe en souvenir des piques-niques sous le soleil.<\/p>\n<p>Nous avons besoin d&rsquo;une heure et demi pour faire une jupe. Nous pouvons faire 2 jupes dans ce tissu.<\/p>\n<p>Variation de motif du LOOK 9 de notre d\u00e9fil\u00e9 \u201cCoup de foudre\u201d de mars 2023.<\/p>\n<p>Longueur \u00e0 plat: 100 cm.<\/p>\n<p>La mod\u00e8le mesure 1m71 et porte une taille S-36.<\/p>\n","protected":false},"excerpt":{"rendered":"<p>Jupe longue satin\u00e9e tartan rose et rouge. Taille \u00e9lastiqu\u00e9e. Coupe l\u00e9g\u00e8rement \u00e9vas\u00e9e, longueur cheville. Super douce, brillante et fluide &lt;3 Une jolie&hellip;<\/p>\n","protected":false},"featured_media":349135,"template":"","meta":[],"product_brand":[],"product_cat":[672,661],"product_tag":[],"class_list":{"0":"post-365574","1":"product","2":"type-product","3":"status-publish","4":"has-post-thumbnail","6":"product_cat-jupes","7":"product_cat-tout-voir","8":"pa_taille-l-40-2","9":"pa_taille-m-38-2","10":"pa_taille-s-36-2","11":"pa_taille-sur-mesure-fr-2","12":"pa_taille-xl-42-fr-2","13":"pa_taille-xs-34-2","15":"first","16":"outofstock","17":"taxable","18":"shipping-taxable","19":"purchasable","20":"product-type-variable"},"_links":{"self":[{"href":"https:\/\/maisoncleo.com\/fr\/wp-json\/wp\/v2\/product\/365574","targetHints":{"allow":["GET"]}}],"collection":[{"href":"https:\/\/maisoncleo.com\/fr\/wp-json\/wp\/v2\/product"}],"about":[{"href":"https:\/\/maisoncleo.com\/fr\/wp-json\/wp\/v2\/types\/product"}],"version-history":[{"count":1,"href":"https:\/\/maisoncleo.com\/fr\/wp-json\/wp\/v2\/product\/365574\/revisions"}],"predecessor-version":[{"id":365606,"href":"https:\/\/maisoncleo.com\/fr\/wp-json\/wp\/v2\/product\/365574\/revisions\/365606"}],"wp:featuredmedia":[{"embeddable":true,"href":"https:\/\/maisoncleo.com\/fr\/wp-json\/wp\/v2\/media\/349135"}],"wp:attachment":[{"href":"https:\/\/maisoncleo.com\/fr\/wp-json\/wp\/v2\/media?parent=365574"}],"wp:term":[{"taxonomy":"product_brand","embeddable":true,"href":"https:\/\/maisoncleo.com\/fr\/wp-json\/wp\/v2\/product_brand?post=365574"},{"taxonomy":"product_cat","embeddable":true,"href":"https:\/\/maisoncleo.com\/fr\/wp-json\/wp\/v2\/product_cat?post=365574"},{"taxonomy":"product_tag","embeddable":true,"href":"https:\/\/maisoncleo.com\/fr\/wp-json\/wp\/v2\/product_tag?post=365574"}],"curies":[{"name":"wp","href":"https:\/\/api.w.org\/{rel}","templated":true}]}}