{"id":365542,"date":"2024-09-10T03:54:18","date_gmt":"2024-09-10T01:54:18","guid":{"rendered":"https:\/\/maisoncleo.com\/\/?post_type=product&#038;p=365542"},"modified":"2025-11-11T19:12:14","modified_gmt":"2025-11-11T17:12:14","slug":"coup-de-foudre-ii-longue-robe-sirene-tricotee-a-sequins-dores","status":"publish","type":"product","link":"https:\/\/maisoncleo.com\/fr\/shop\/coup-de-foudre-ii-longue-robe-sirene-tricotee-a-sequins-dores\/","title":{"rendered":"COUP DE FOUDRE II &#8211; Longue robe sir\u00e8ne tricot\u00e9e \u00e0 sequins dor\u00e9s Tristana"},"content":{"rendered":"<p>Notre longue robe sir\u00e8ne tricot\u00e9e \u00e0 sequins dor\u00e9s de r\u00eave.<\/p>\n<p>Fines bretelles, d\u00e9collet\u00e9e. Coupe ajust\u00e9e. Finitions inspiration queue de sir\u00e8ne, fente sur chaque c\u00f4t\u00e9.<\/p>\n<p>Soigneusement tricot\u00e9e par nos tricoteuses avec un fil incrust\u00e9 de sequins dor\u00e9s.<\/p>\n<p>Nous avons besoin de trois heures pour faire une robe.<\/p>\n<p>Variation de couleur du LOOK 33 de notre d\u00e9fil\u00e9 \u201cCoup de foudre\u201d de mars 2023.<\/p>\n<p>Longueur \u00e0 plat: 118 cm. Encolure: 11 cm. Fente: 30 cm.<\/p>\n<p>La mod\u00e8le mesure 1m71 et porte une taille S-36.<\/p>\n","protected":false},"excerpt":{"rendered":"<p>Notre longue robe sir\u00e8ne tricot\u00e9e \u00e0 sequins dor\u00e9s de r\u00eave. Fines bretelles, d\u00e9collet\u00e9e. Coupe ajust\u00e9e. Finitions inspiration queue de sir\u00e8ne, fente sur&hellip;<\/p>\n","protected":false},"featured_media":349114,"template":"","meta":[],"product_brand":[],"product_cat":[666,664,661],"product_tag":[],"class_list":{"0":"post-365542","1":"product","2":"type-product","3":"status-publish","4":"has-post-thumbnail","6":"product_cat-mailles","7":"product_cat-robes","8":"product_cat-tout-voir","10":"first","11":"instock","12":"taxable","13":"shipping-taxable","14":"purchasable","15":"product-type-variable"},"_links":{"self":[{"href":"https:\/\/maisoncleo.com\/fr\/wp-json\/wp\/v2\/product\/365542","targetHints":{"allow":["GET"]}}],"collection":[{"href":"https:\/\/maisoncleo.com\/fr\/wp-json\/wp\/v2\/product"}],"about":[{"href":"https:\/\/maisoncleo.com\/fr\/wp-json\/wp\/v2\/types\/product"}],"version-history":[{"count":2,"href":"https:\/\/maisoncleo.com\/fr\/wp-json\/wp\/v2\/product\/365542\/revisions"}],"predecessor-version":[{"id":394525,"href":"https:\/\/maisoncleo.com\/fr\/wp-json\/wp\/v2\/product\/365542\/revisions\/394525"}],"wp:featuredmedia":[{"embeddable":true,"href":"https:\/\/maisoncleo.com\/fr\/wp-json\/wp\/v2\/media\/349114"}],"wp:attachment":[{"href":"https:\/\/maisoncleo.com\/fr\/wp-json\/wp\/v2\/media?parent=365542"}],"wp:term":[{"taxonomy":"product_brand","embeddable":true,"href":"https:\/\/maisoncleo.com\/fr\/wp-json\/wp\/v2\/product_brand?post=365542"},{"taxonomy":"product_cat","embeddable":true,"href":"https:\/\/maisoncleo.com\/fr\/wp-json\/wp\/v2\/product_cat?post=365542"},{"taxonomy":"product_tag","embeddable":true,"href":"https:\/\/maisoncleo.com\/fr\/wp-json\/wp\/v2\/product_tag?post=365542"}],"curies":[{"name":"wp","href":"https:\/\/api.w.org\/{rel}","templated":true}]}}