{"id":365526,"date":"2024-09-10T03:52:55","date_gmt":"2024-09-10T16:01:47","guid":{"rendered":"https:\/\/maisoncleo.com\/\/?post_type=product&#038;p=365526"},"modified":"2024-09-10T21:18:51","modified_gmt":"2024-09-10T19:18:51","slug":"coup-de-foudre-ii-mini-jupe-lilas-et-bleu-brodee-en-soie","status":"publish","type":"product","link":"https:\/\/maisoncleo.com\/fr\/shop\/coup-de-foudre-ii-mini-jupe-lilas-et-bleu-brodee-en-soie\/","title":{"rendered":"COUP DE FOUDRE II &#8211; Mini jupe lilas et bleu brod\u00e9e en soie"},"content":{"rendered":"<p>Mini jupe lilas et bleu brod\u00e9e en soie.<\/p>\n<p>D\u00e9tails de broderies reli\u00e9f\u00e9es lilas, motif de fleurs bleues iris\u00e9es. Fermeture \u00e9clair dans le dos. Coupe trap\u00e8ze. 100% soie textur\u00e9e.<\/p>\n<p>Longueur totale \u00e0 plat: 35 cm.<\/p>\n<p>Nous pouvons faire 8 jupes dans ce tissu sp\u00e9cial.<\/p>\n<p>La mod\u00e8le mesure 1m71 et porte une taille S-36.<\/p>\n","protected":false},"excerpt":{"rendered":"<p>Mini jupe lilas et bleu brod\u00e9e en soie. D\u00e9tails de broderies reli\u00e9f\u00e9es lilas, motif de fleurs bleues iris\u00e9es. Fermeture \u00e9clair dans le&hellip;<\/p>\n","protected":false},"featured_media":349080,"template":"","meta":[],"product_brand":[],"product_cat":[672,661],"product_tag":[],"class_list":{"0":"post-365526","1":"product","2":"type-product","3":"status-publish","4":"has-post-thumbnail","6":"product_cat-jupes","7":"product_cat-tout-voir","8":"pa_taille-l-40-2","9":"pa_taille-m-38-2","10":"pa_taille-s-36-2","11":"pa_taille-sur-mesure-fr-2","12":"pa_taille-xl-42-fr-2","13":"pa_taille-xs-34-2","15":"first","16":"outofstock","17":"taxable","18":"shipping-taxable","19":"purchasable","20":"product-type-variable"},"_links":{"self":[{"href":"https:\/\/maisoncleo.com\/fr\/wp-json\/wp\/v2\/product\/365526","targetHints":{"allow":["GET"]}}],"collection":[{"href":"https:\/\/maisoncleo.com\/fr\/wp-json\/wp\/v2\/product"}],"about":[{"href":"https:\/\/maisoncleo.com\/fr\/wp-json\/wp\/v2\/types\/product"}],"version-history":[{"count":1,"href":"https:\/\/maisoncleo.com\/fr\/wp-json\/wp\/v2\/product\/365526\/revisions"}],"predecessor-version":[{"id":365544,"href":"https:\/\/maisoncleo.com\/fr\/wp-json\/wp\/v2\/product\/365526\/revisions\/365544"}],"wp:featuredmedia":[{"embeddable":true,"href":"https:\/\/maisoncleo.com\/fr\/wp-json\/wp\/v2\/media\/349080"}],"wp:attachment":[{"href":"https:\/\/maisoncleo.com\/fr\/wp-json\/wp\/v2\/media?parent=365526"}],"wp:term":[{"taxonomy":"product_brand","embeddable":true,"href":"https:\/\/maisoncleo.com\/fr\/wp-json\/wp\/v2\/product_brand?post=365526"},{"taxonomy":"product_cat","embeddable":true,"href":"https:\/\/maisoncleo.com\/fr\/wp-json\/wp\/v2\/product_cat?post=365526"},{"taxonomy":"product_tag","embeddable":true,"href":"https:\/\/maisoncleo.com\/fr\/wp-json\/wp\/v2\/product_tag?post=365526"}],"curies":[{"name":"wp","href":"https:\/\/api.w.org\/{rel}","templated":true}]}}