{"id":365505,"date":"2024-09-10T03:51:14","date_gmt":"2024-09-10T16:01:23","guid":{"rendered":"https:\/\/maisoncleo.com\/\/?post_type=product&#038;p=365505"},"modified":"2025-04-24T11:10:20","modified_gmt":"2025-04-24T09:10:20","slug":"coup-de-foudre-ii-jupe-mi-longue-en-soie-rose","status":"publish","type":"product","link":"https:\/\/maisoncleo.com\/fr\/shop\/coup-de-foudre-ii-jupe-mi-longue-en-soie-rose\/","title":{"rendered":"COUP DE FOUDRE II &#8211; Jupe mi-longue en soie rose"},"content":{"rendered":"<p>Jupe mi-longue en soie rose.<\/p>\n<p>Motif \u00e0 pois carr\u00e9s ton-sur-ton. Taille \u00e9lastiqu\u00e9e avec \u00e9lastique picot rose p\u00e2le. Coupe \u00e9vas\u00e9e. Finition bourdon. Satin de soie particuli\u00e8rement doux et l\u00e9ger.<\/p>\n<p>Nous pouvons faire 3 jupes dans ce tissu.<\/p>\n<p>Variation de couleur du LOOK 17 de notre d\u00e9fil\u00e9 \u201cCoup de foudre\u201d de mars 2023.<\/p>\n<p>Longueur totale \u00e0 plat: 65 cm.<\/p>\n<p>La mod\u00e8le mesure 1m71 et porte une taille S-36.<\/p>\n","protected":false},"excerpt":{"rendered":"<p>Jupe mi-longue en soie rose. Motif \u00e0 pois carr\u00e9s ton-sur-ton. Taille \u00e9lastiqu\u00e9e avec \u00e9lastique picot rose p\u00e2le. Coupe \u00e9vas\u00e9e. Finition bourdon. Satin&hellip;<\/p>\n","protected":false},"featured_media":349038,"template":"","meta":[],"product_brand":[],"product_cat":[672,661],"product_tag":[],"class_list":{"0":"post-365505","1":"product","2":"type-product","3":"status-publish","4":"has-post-thumbnail","6":"product_cat-jupes","7":"product_cat-tout-voir","8":"pa_taille-l-40-2","9":"pa_taille-m-38-2","10":"pa_taille-s-36-2","11":"pa_taille-sur-mesure-fr-2","12":"pa_taille-xl-42-fr-2","13":"pa_taille-xs-34-2","15":"first","16":"outofstock","17":"taxable","18":"shipping-taxable","19":"purchasable","20":"product-type-variable"},"_links":{"self":[{"href":"https:\/\/maisoncleo.com\/fr\/wp-json\/wp\/v2\/product\/365505","targetHints":{"allow":["GET"]}}],"collection":[{"href":"https:\/\/maisoncleo.com\/fr\/wp-json\/wp\/v2\/product"}],"about":[{"href":"https:\/\/maisoncleo.com\/fr\/wp-json\/wp\/v2\/types\/product"}],"version-history":[{"count":1,"href":"https:\/\/maisoncleo.com\/fr\/wp-json\/wp\/v2\/product\/365505\/revisions"}],"predecessor-version":[{"id":365529,"href":"https:\/\/maisoncleo.com\/fr\/wp-json\/wp\/v2\/product\/365505\/revisions\/365529"}],"wp:featuredmedia":[{"embeddable":true,"href":"https:\/\/maisoncleo.com\/fr\/wp-json\/wp\/v2\/media\/349038"}],"wp:attachment":[{"href":"https:\/\/maisoncleo.com\/fr\/wp-json\/wp\/v2\/media?parent=365505"}],"wp:term":[{"taxonomy":"product_brand","embeddable":true,"href":"https:\/\/maisoncleo.com\/fr\/wp-json\/wp\/v2\/product_brand?post=365505"},{"taxonomy":"product_cat","embeddable":true,"href":"https:\/\/maisoncleo.com\/fr\/wp-json\/wp\/v2\/product_cat?post=365505"},{"taxonomy":"product_tag","embeddable":true,"href":"https:\/\/maisoncleo.com\/fr\/wp-json\/wp\/v2\/product_tag?post=365505"}],"curies":[{"name":"wp","href":"https:\/\/api.w.org\/{rel}","templated":true}]}}