{"id":365504,"date":"2024-09-10T03:51:14","date_gmt":"2024-09-10T16:01:23","guid":{"rendered":"https:\/\/maisoncleo.com\/\/?post_type=product&#038;p=365504"},"modified":"2024-09-10T21:18:48","modified_gmt":"2024-09-10T19:18:48","slug":"coup-de-foudre-ii-blouse-a-lacage-et-manches-bouffantes-rose-en-soie","status":"publish","type":"product","link":"https:\/\/maisoncleo.com\/fr\/shop\/coup-de-foudre-ii-blouse-a-lacage-et-manches-bouffantes-rose-en-soie\/","title":{"rendered":"COUP DE FOUDRE II &#8211; Blouse \u00e0 la\u00e7age et manches bouffantes rose en soie"},"content":{"rendered":"<p>Blouse \u00e0 la\u00e7age et manches bouffantes rose en soie.<\/p>\n<p>Motif \u00e0 pois carr\u00e9s ton-sur-ton. Col rond, bords volant\u00e9s. La\u00e7age \u00e0 neuf rangs. Opaque. 100% fait d&rsquo;une soie fluide et tr\u00e8s plaisante \u00e0 porter. Peut se porter de deux fa\u00e7ons diff\u00e9rentes : courte et nou\u00e9e sur le devant, longue et volant\u00e9e.<\/p>\n<p>Nous pouvons faire 2 blouses dans ce tissu.<\/p>\n<p>Variation du LOOK 11 de notre d\u00e9fil\u00e9 \u201cCoup de foudre\u201d de mars 2023.<\/p>\n<p>Longueur totale \u00e0 plat: 75 cm. Longueur dos: 52 cm. Encolure: 15 cm.<\/p>\n<p>La mod\u00e8le mesure 1m71 et porte une taille S-36.<\/p>\n","protected":false},"excerpt":{"rendered":"<p>Blouse \u00e0 la\u00e7age et manches bouffantes rose en soie. Motif \u00e0 pois carr\u00e9s ton-sur-ton. Col rond, bords volant\u00e9s. La\u00e7age \u00e0 neuf rangs.&hellip;<\/p>\n","protected":false},"featured_media":349035,"template":"","meta":[],"product_brand":[],"product_cat":[663,674,661],"product_tag":[],"class_list":{"0":"post-365504","1":"product","2":"type-product","3":"status-publish","4":"has-post-thumbnail","6":"product_cat-blouses","7":"product_cat-tops","8":"product_cat-tout-voir","9":"pa_taille-l-40-2","10":"pa_taille-m-38-2","11":"pa_taille-s-36-2","12":"pa_taille-sur-mesure-fr-2","13":"pa_taille-xl-42-fr-2","14":"pa_taille-xs-34-2","16":"first","17":"outofstock","18":"taxable","19":"shipping-taxable","20":"purchasable","21":"product-type-variable"},"_links":{"self":[{"href":"https:\/\/maisoncleo.com\/fr\/wp-json\/wp\/v2\/product\/365504","targetHints":{"allow":["GET"]}}],"collection":[{"href":"https:\/\/maisoncleo.com\/fr\/wp-json\/wp\/v2\/product"}],"about":[{"href":"https:\/\/maisoncleo.com\/fr\/wp-json\/wp\/v2\/types\/product"}],"version-history":[{"count":1,"href":"https:\/\/maisoncleo.com\/fr\/wp-json\/wp\/v2\/product\/365504\/revisions"}],"predecessor-version":[{"id":365528,"href":"https:\/\/maisoncleo.com\/fr\/wp-json\/wp\/v2\/product\/365504\/revisions\/365528"}],"wp:featuredmedia":[{"embeddable":true,"href":"https:\/\/maisoncleo.com\/fr\/wp-json\/wp\/v2\/media\/349035"}],"wp:attachment":[{"href":"https:\/\/maisoncleo.com\/fr\/wp-json\/wp\/v2\/media?parent=365504"}],"wp:term":[{"taxonomy":"product_brand","embeddable":true,"href":"https:\/\/maisoncleo.com\/fr\/wp-json\/wp\/v2\/product_brand?post=365504"},{"taxonomy":"product_cat","embeddable":true,"href":"https:\/\/maisoncleo.com\/fr\/wp-json\/wp\/v2\/product_cat?post=365504"},{"taxonomy":"product_tag","embeddable":true,"href":"https:\/\/maisoncleo.com\/fr\/wp-json\/wp\/v2\/product_tag?post=365504"}],"curies":[{"name":"wp","href":"https:\/\/api.w.org\/{rel}","templated":true}]}}