{"id":365496,"date":"2024-09-10T03:50:38","date_gmt":"2024-09-10T16:01:01","guid":{"rendered":"https:\/\/maisoncleo.com\/\/?post_type=product&#038;p=365496"},"modified":"2025-05-18T10:49:27","modified_gmt":"2025-05-18T08:49:27","slug":"coup-de-foudre-ii-jean-evase-en-denim-bleu-clair","status":"publish","type":"product","link":"https:\/\/maisoncleo.com\/fr\/shop\/coup-de-foudre-ii-jean-evase-en-denim-bleu-clair\/","title":{"rendered":"COUP DE FOUDRE II &#8211; Jean \u00e9vas\u00e9 en denim bleu clair"},"content":{"rendered":"<p>Jean \u00e9vas\u00e9 en denim bleu clair.<\/p>\n<p>D\u00e9tail de surpiq\u00fbres blanches, inspiration cowboy. Fermeture \u00e9clair sur le devant, un bouton sur le devant, cinq passants de ceinture. Deux poches italiennes &amp; deux poches plaqu\u00e9es arri\u00e8res. Mid-rise, \u00e9vas\u00e9.<\/p>\n<p>R\u00e9serv\u00e9 aux cowgirls badass uniquement !&lt;3<\/p>\n<p>Nous avons besoin de 3 heures et demi pour faire un pantalon. Il n&rsquo;est pas possible de faire du sur-mesure sur les jeans, nous ne pouvons faire que des tailles standards sinon cela fait un trop grand travail de patronage. Veuillez v\u00e9rifiez notre grille de taille. Nous pouvons cependant faire la longueur que vous souhaitez. Nous pouvons faire 7 pantalons dans ce tissu.<\/p>\n<p>Longueur de l&rsquo;entrejambe au bas du pantalon : 90 cm.<\/p>\n<p>Variation de couleur du LOOK 23 de notre d\u00e9fil\u00e9 \u201cCoup de foudre\u201d de mars 2023.<\/p>\n<p>La mod\u00e8le mesure 1m71 et porte une taille S-36.<\/p>\n","protected":false},"excerpt":{"rendered":"<p>Jean \u00e9vas\u00e9 en denim bleu clair. D\u00e9tail de surpiq\u00fbres blanches, inspiration cowboy. Fermeture \u00e9clair sur le devant, un bouton sur le devant,&hellip;<\/p>\n","protected":false},"featured_media":349021,"template":"","meta":[],"product_brand":[],"product_cat":[675,661],"product_tag":[],"class_list":{"0":"post-365496","1":"product","2":"type-product","3":"status-publish","4":"has-post-thumbnail","6":"product_cat-pantalons-shorts","7":"product_cat-tout-voir","8":"pa_taille-l-40-2","9":"pa_taille-m-38-2","10":"pa_taille-s-36-2","11":"pa_taille-sur-mesure-fr-2","12":"pa_taille-xl-42-fr-2","13":"pa_taille-xs-34-2","15":"first","16":"instock","17":"taxable","18":"shipping-taxable","19":"purchasable","20":"product-type-variable"},"_links":{"self":[{"href":"https:\/\/maisoncleo.com\/fr\/wp-json\/wp\/v2\/product\/365496","targetHints":{"allow":["GET"]}}],"collection":[{"href":"https:\/\/maisoncleo.com\/fr\/wp-json\/wp\/v2\/product"}],"about":[{"href":"https:\/\/maisoncleo.com\/fr\/wp-json\/wp\/v2\/types\/product"}],"version-history":[{"count":1,"href":"https:\/\/maisoncleo.com\/fr\/wp-json\/wp\/v2\/product\/365496\/revisions"}],"predecessor-version":[{"id":365514,"href":"https:\/\/maisoncleo.com\/fr\/wp-json\/wp\/v2\/product\/365496\/revisions\/365514"}],"wp:featuredmedia":[{"embeddable":true,"href":"https:\/\/maisoncleo.com\/fr\/wp-json\/wp\/v2\/media\/349021"}],"wp:attachment":[{"href":"https:\/\/maisoncleo.com\/fr\/wp-json\/wp\/v2\/media?parent=365496"}],"wp:term":[{"taxonomy":"product_brand","embeddable":true,"href":"https:\/\/maisoncleo.com\/fr\/wp-json\/wp\/v2\/product_brand?post=365496"},{"taxonomy":"product_cat","embeddable":true,"href":"https:\/\/maisoncleo.com\/fr\/wp-json\/wp\/v2\/product_cat?post=365496"},{"taxonomy":"product_tag","embeddable":true,"href":"https:\/\/maisoncleo.com\/fr\/wp-json\/wp\/v2\/product_tag?post=365496"}],"curies":[{"name":"wp","href":"https:\/\/api.w.org\/{rel}","templated":true}]}}