{"id":365489,"date":"2024-09-10T03:49:45","date_gmt":"2024-09-10T01:49:45","guid":{"rendered":"https:\/\/maisoncleo.com\/\/?post_type=product&#038;p=365489"},"modified":"2024-09-10T21:18:44","modified_gmt":"2024-09-10T19:18:44","slug":"coup-de-foudre-ii-blouse-bouffante-creme-a-pois-ton-sur-ton","status":"publish","type":"product","link":"https:\/\/maisoncleo.com\/fr\/shop\/coup-de-foudre-ii-blouse-bouffante-creme-a-pois-ton-sur-ton\/","title":{"rendered":"COUP DE FOUDRE II &#8211; Blouse bouffante cr\u00e8me \u00e0 pois ton-sur-ton"},"content":{"rendered":"<p>Blouse bouffante cr\u00e8me \u00e0 pois ton-sur-ton.<\/p>\n<p>Motif de pois incrust\u00e9 dans le tissu. Encolure carr\u00e9e, trois liens \u00e0 nouer sur le devant. Encolure, manches et dessous de poitrine. Petites manches bouffantes. 100% coton.<\/p>\n<p>Variation du LOOK 2 de notre d\u00e9fil\u00e9 \u201cCoup de Foudre\u201d de mars 2023. Nous pouvons faire 8 blouses dans ce tissu sp\u00e9cial.<\/p>\n<p>Longueur totale \u00e0 plat: 45 cm. Encolure: 15 cm.<\/p>\n<p>La mod\u00e8le mesure 1m71 et porte une taille S-36.<\/p>\n","protected":false},"excerpt":{"rendered":"<p>Blouse bouffante cr\u00e8me \u00e0 pois ton-sur-ton. Motif de pois incrust\u00e9 dans le tissu. Encolure carr\u00e9e, trois liens \u00e0 nouer sur le devant.&hellip;<\/p>\n","protected":false},"featured_media":349004,"template":"","meta":[],"product_brand":[],"product_cat":[663,674,661],"product_tag":[],"class_list":{"0":"post-365489","1":"product","2":"type-product","3":"status-publish","4":"has-post-thumbnail","6":"product_cat-blouses","7":"product_cat-tops","8":"product_cat-tout-voir","9":"pa_taille-l-40-2","10":"pa_taille-m-38-2","11":"pa_taille-s-36-2","12":"pa_taille-sur-mesure-fr-2","13":"pa_taille-xl-42-fr-2","14":"pa_taille-xs-34-2","16":"first","17":"instock","18":"taxable","19":"shipping-taxable","20":"purchasable","21":"product-type-variable"},"_links":{"self":[{"href":"https:\/\/maisoncleo.com\/fr\/wp-json\/wp\/v2\/product\/365489","targetHints":{"allow":["GET"]}}],"collection":[{"href":"https:\/\/maisoncleo.com\/fr\/wp-json\/wp\/v2\/product"}],"about":[{"href":"https:\/\/maisoncleo.com\/fr\/wp-json\/wp\/v2\/types\/product"}],"version-history":[{"count":1,"href":"https:\/\/maisoncleo.com\/fr\/wp-json\/wp\/v2\/product\/365489\/revisions"}],"predecessor-version":[{"id":365513,"href":"https:\/\/maisoncleo.com\/fr\/wp-json\/wp\/v2\/product\/365489\/revisions\/365513"}],"wp:featuredmedia":[{"embeddable":true,"href":"https:\/\/maisoncleo.com\/fr\/wp-json\/wp\/v2\/media\/349004"}],"wp:attachment":[{"href":"https:\/\/maisoncleo.com\/fr\/wp-json\/wp\/v2\/media?parent=365489"}],"wp:term":[{"taxonomy":"product_brand","embeddable":true,"href":"https:\/\/maisoncleo.com\/fr\/wp-json\/wp\/v2\/product_brand?post=365489"},{"taxonomy":"product_cat","embeddable":true,"href":"https:\/\/maisoncleo.com\/fr\/wp-json\/wp\/v2\/product_cat?post=365489"},{"taxonomy":"product_tag","embeddable":true,"href":"https:\/\/maisoncleo.com\/fr\/wp-json\/wp\/v2\/product_tag?post=365489"}],"curies":[{"name":"wp","href":"https:\/\/api.w.org\/{rel}","templated":true}]}}