{"id":365473,"date":"2024-09-10T03:48:28","date_gmt":"2024-09-10T16:00:37","guid":{"rendered":"https:\/\/maisoncleo.com\/\/?post_type=product&#038;p=365473"},"modified":"2024-09-10T21:18:42","modified_gmt":"2024-09-10T19:18:42","slug":"coup-de-foudre-ii-top-mini-bouffant-fleurie-en-coton","status":"publish","type":"product","link":"https:\/\/maisoncleo.com\/fr\/shop\/coup-de-foudre-ii-top-mini-bouffant-fleurie-en-coton\/","title":{"rendered":"COUP DE FOUDRE II &#8211; Top mini bouffant fleurie en coton"},"content":{"rendered":"<p>Top mini bouffant fleurie en coton.<\/p>\n<p>Imprim\u00e9 de fleurs rose framboise et jaunes. Encolure arrondie, petite ouverture, liens \u00e0 nouer. Petites manches bouffantes. Ajour\u00e9 sur la poitrine, noeuds \u00e0 serrer ou desserrer. Encolure, manches et ourlet \u00e9lastiqu\u00e9s.<\/p>\n<p>Le petit top que tu porteras tout l&rsquo;\u00e9t\u00e9 &lt;3 Nous pouvons faire 4 tops dans ce tissu.<\/p>\n<p>Variation de couleur du LOOK 23 de notre d\u00e9fil\u00e9 \u201cCoup de foudre\u201d de mars 2023.<\/p>\n<p>Longueur totale \u00e0 plat: 28 cm. Encolure: 14 cm. 20 cm sous le noeud.<\/p>\n<p>La mod\u00e8le mesure 1m71 et porte une taille S-36.<\/p>\n","protected":false},"excerpt":{"rendered":"<p>Top mini bouffant fleurie en coton. Imprim\u00e9 de fleurs rose framboise et jaunes. Encolure arrondie, petite ouverture, liens \u00e0 nouer. Petites manches&hellip;<\/p>\n","protected":false},"featured_media":348966,"template":"","meta":[],"product_brand":[],"product_cat":[674,661],"product_tag":[],"class_list":{"0":"post-365473","1":"product","2":"type-product","3":"status-publish","4":"has-post-thumbnail","6":"product_cat-tops","7":"product_cat-tout-voir","8":"pa_taille-l-40-2","9":"pa_taille-m-38-2","10":"pa_taille-s-36-2","11":"pa_taille-sur-mesure-fr-2","12":"pa_taille-xl-42-fr-2","13":"pa_taille-xs-34-2","15":"first","16":"instock","17":"taxable","18":"shipping-taxable","19":"purchasable","20":"product-type-variable"},"_links":{"self":[{"href":"https:\/\/maisoncleo.com\/fr\/wp-json\/wp\/v2\/product\/365473","targetHints":{"allow":["GET"]}}],"collection":[{"href":"https:\/\/maisoncleo.com\/fr\/wp-json\/wp\/v2\/product"}],"about":[{"href":"https:\/\/maisoncleo.com\/fr\/wp-json\/wp\/v2\/types\/product"}],"version-history":[{"count":1,"href":"https:\/\/maisoncleo.com\/fr\/wp-json\/wp\/v2\/product\/365473\/revisions"}],"predecessor-version":[{"id":365498,"href":"https:\/\/maisoncleo.com\/fr\/wp-json\/wp\/v2\/product\/365473\/revisions\/365498"}],"wp:featuredmedia":[{"embeddable":true,"href":"https:\/\/maisoncleo.com\/fr\/wp-json\/wp\/v2\/media\/348966"}],"wp:attachment":[{"href":"https:\/\/maisoncleo.com\/fr\/wp-json\/wp\/v2\/media?parent=365473"}],"wp:term":[{"taxonomy":"product_brand","embeddable":true,"href":"https:\/\/maisoncleo.com\/fr\/wp-json\/wp\/v2\/product_brand?post=365473"},{"taxonomy":"product_cat","embeddable":true,"href":"https:\/\/maisoncleo.com\/fr\/wp-json\/wp\/v2\/product_cat?post=365473"},{"taxonomy":"product_tag","embeddable":true,"href":"https:\/\/maisoncleo.com\/fr\/wp-json\/wp\/v2\/product_tag?post=365473"}],"curies":[{"name":"wp","href":"https:\/\/api.w.org\/{rel}","templated":true}]}}