{"id":365464,"date":"2024-09-10T03:47:54","date_gmt":"2024-09-10T16:00:15","guid":{"rendered":"https:\/\/maisoncleo.com\/\/?post_type=product&#038;p=365464"},"modified":"2024-09-10T21:18:40","modified_gmt":"2024-09-10T19:18:40","slug":"coup-de-foudre-ii-robe-a-bretelles-avec-armature-en-dentelle-violette-brillante-volantee","status":"publish","type":"product","link":"https:\/\/maisoncleo.com\/fr\/shop\/coup-de-foudre-ii-robe-a-bretelles-avec-armature-en-dentelle-violette-brillante-volantee\/","title":{"rendered":"COUP DE FOUDRE II &#8211; Robe \u00e0 bretelles avec armature en dentelle violette brillante volant\u00e9e"},"content":{"rendered":"<p>Robe \u00e0 bretelles avec armature en dentelle violette brillante volant\u00e9e.<\/p>\n<p>Bretelles rose clair \u00e9lastiqu\u00e9es ajustables. Baleines \u00e0 armature. Fentes sur l&rsquo;avant, volants. Doubl\u00e9e.\u00a0Notre coeur argent\u00e9 made in France \u201cFFF4ever\u201d cousu sur le devant (=F*ckFastFashion). Dentelle de Calais.<\/p>\n<p>Nous avons besoin de 3 heures pour faire cette robe. Nous pouvons faire 9 robes dans ce tissu.<\/p>\n<p>Variation de couleur du LOOK 22 de notre d\u00e9fil\u00e9 \u201cCoup de foudre\u201d de mars 2023.<\/p>\n<p>Longueur totale \u00e0 plat: 87 cm. Bretelles: 15 cm. Fente: 15 cm.<\/p>\n<p>La mod\u00e8le mesure 1m71 et porte une taille S-36.<\/p>\n","protected":false},"excerpt":{"rendered":"<p>Robe \u00e0 bretelles avec armature en dentelle violette brillante volant\u00e9e. Bretelles rose clair \u00e9lastiqu\u00e9es ajustables. Baleines \u00e0 armature. Fentes sur l&rsquo;avant, volants.&hellip;<\/p>\n","protected":false},"featured_media":348942,"template":"","meta":[],"product_brand":[],"product_cat":[664,661],"product_tag":[],"class_list":{"0":"post-365464","1":"product","2":"type-product","3":"status-publish","4":"has-post-thumbnail","6":"product_cat-robes","7":"product_cat-tout-voir","8":"pa_taille-l-40-2","9":"pa_taille-m-38-2","10":"pa_taille-s-36-2","11":"pa_taille-sur-mesure-fr-2","12":"pa_taille-xl-42-fr-2","13":"pa_taille-xs-34-2","15":"first","16":"instock","17":"taxable","18":"shipping-taxable","19":"purchasable","20":"product-type-variable"},"_links":{"self":[{"href":"https:\/\/maisoncleo.com\/fr\/wp-json\/wp\/v2\/product\/365464","targetHints":{"allow":["GET"]}}],"collection":[{"href":"https:\/\/maisoncleo.com\/fr\/wp-json\/wp\/v2\/product"}],"about":[{"href":"https:\/\/maisoncleo.com\/fr\/wp-json\/wp\/v2\/types\/product"}],"version-history":[{"count":1,"href":"https:\/\/maisoncleo.com\/fr\/wp-json\/wp\/v2\/product\/365464\/revisions"}],"predecessor-version":[{"id":365484,"href":"https:\/\/maisoncleo.com\/fr\/wp-json\/wp\/v2\/product\/365464\/revisions\/365484"}],"wp:featuredmedia":[{"embeddable":true,"href":"https:\/\/maisoncleo.com\/fr\/wp-json\/wp\/v2\/media\/348942"}],"wp:attachment":[{"href":"https:\/\/maisoncleo.com\/fr\/wp-json\/wp\/v2\/media?parent=365464"}],"wp:term":[{"taxonomy":"product_brand","embeddable":true,"href":"https:\/\/maisoncleo.com\/fr\/wp-json\/wp\/v2\/product_brand?post=365464"},{"taxonomy":"product_cat","embeddable":true,"href":"https:\/\/maisoncleo.com\/fr\/wp-json\/wp\/v2\/product_cat?post=365464"},{"taxonomy":"product_tag","embeddable":true,"href":"https:\/\/maisoncleo.com\/fr\/wp-json\/wp\/v2\/product_tag?post=365464"}],"curies":[{"name":"wp","href":"https:\/\/api.w.org\/{rel}","templated":true}]}}