{"id":365449,"date":"2024-09-10T03:46:29","date_gmt":"2024-09-10T15:59:51","guid":{"rendered":"https:\/\/maisoncleo.com\/\/?post_type=product&#038;p=365449"},"modified":"2024-09-10T21:18:38","modified_gmt":"2024-09-10T19:18:38","slug":"coup-de-foudre-ii-mini-jupe-en-jean-indigo-sophia","status":"publish","type":"product","link":"https:\/\/maisoncleo.com\/fr\/shop\/coup-de-foudre-ii-mini-jupe-en-jean-indigo-sophia\/","title":{"rendered":"COUP DE FOUDRE II &#8211; Mini jupe en jean indigo SOPHIA"},"content":{"rendered":"<p>Mini jupe en jean indigo<\/p>\n<p>Fente sur le devant. Fermeture \u00e9clair dans le dos. L\u00e9g\u00e8re coupe trap\u00e8ze avantageuse. 100% cotton.<\/p>\n<p>Nous pouvons faire 2 jupes dans cette couleur de denim.<\/p>\n<p>Comme chaque pi\u00e8ce est fabriqu\u00e9e \u00e0 la commande, vous pouvez demander la longueur que vous souhaitez lors des commentaires au moment du panier lors de la commande.<\/p>\n<p>Longueur totale \u00e0 plat: 37,5 cm.<\/p>\n<p>La mod\u00e8le mesure 1m72 et porte une taille S-36.<\/p>\n","protected":false},"excerpt":{"rendered":"<p>Mini jupe en jean indigo Fente sur le devant. Fermeture \u00e9clair dans le dos. L\u00e9g\u00e8re coupe trap\u00e8ze avantageuse. 100% cotton. Nous pouvons&hellip;<\/p>\n","protected":false},"featured_media":348905,"template":"","meta":[],"product_brand":[],"product_cat":[661],"product_tag":[],"class_list":{"0":"post-365449","1":"product","2":"type-product","3":"status-publish","4":"has-post-thumbnail","6":"product_cat-tout-voir","7":"pa_taille-l-40-2","8":"pa_taille-m-38-2","9":"pa_taille-s-36-2","10":"pa_taille-sur-mesure-fr-2","11":"pa_taille-xl-42-fr-2","12":"pa_taille-xs-34-2","14":"first","15":"instock","16":"taxable","17":"shipping-taxable","18":"purchasable","19":"product-type-variable"},"_links":{"self":[{"href":"https:\/\/maisoncleo.com\/fr\/wp-json\/wp\/v2\/product\/365449","targetHints":{"allow":["GET"]}}],"collection":[{"href":"https:\/\/maisoncleo.com\/fr\/wp-json\/wp\/v2\/product"}],"about":[{"href":"https:\/\/maisoncleo.com\/fr\/wp-json\/wp\/v2\/types\/product"}],"version-history":[{"count":1,"href":"https:\/\/maisoncleo.com\/fr\/wp-json\/wp\/v2\/product\/365449\/revisions"}],"predecessor-version":[{"id":365472,"href":"https:\/\/maisoncleo.com\/fr\/wp-json\/wp\/v2\/product\/365449\/revisions\/365472"}],"wp:featuredmedia":[{"embeddable":true,"href":"https:\/\/maisoncleo.com\/fr\/wp-json\/wp\/v2\/media\/348905"}],"wp:attachment":[{"href":"https:\/\/maisoncleo.com\/fr\/wp-json\/wp\/v2\/media?parent=365449"}],"wp:term":[{"taxonomy":"product_brand","embeddable":true,"href":"https:\/\/maisoncleo.com\/fr\/wp-json\/wp\/v2\/product_brand?post=365449"},{"taxonomy":"product_cat","embeddable":true,"href":"https:\/\/maisoncleo.com\/fr\/wp-json\/wp\/v2\/product_cat?post=365449"},{"taxonomy":"product_tag","embeddable":true,"href":"https:\/\/maisoncleo.com\/fr\/wp-json\/wp\/v2\/product_tag?post=365449"}],"curies":[{"name":"wp","href":"https:\/\/api.w.org\/{rel}","templated":true}]}}