{"id":365434,"date":"2024-09-10T03:44:54","date_gmt":"2024-09-10T01:44:54","guid":{"rendered":"https:\/\/maisoncleo.com\/\/?post_type=product&#038;p=365434"},"modified":"2024-09-10T21:18:37","modified_gmt":"2024-09-10T19:18:37","slug":"coup-de-foudre-ii-blouse-a-imprime-fleurs-de-cerisier-en-coton-agnes","status":"publish","type":"product","link":"https:\/\/maisoncleo.com\/fr\/shop\/coup-de-foudre-ii-blouse-a-imprime-fleurs-de-cerisier-en-coton-agnes\/","title":{"rendered":"COUP DE FOUDRE II &#8211; Blouse \u00e0 imprim\u00e9 fleurs de cerisier en coton AGNES"},"content":{"rendered":"<p>Blouse \u00e0 imprim\u00e9 fleurs de cerisier en coton avec un toucher \u00e9ponge-velours doux.<\/p>\n<p>Deux liens \u00e0 nouer sur le devant. Manches bouffantes. 100% coton.<\/p>\n<p>La petite blouse la plus adorable que vous porterez!<\/p>\n<p>Nous pouvons faire 6 blouses dans ce tissu sp\u00e9cial.<\/p>\n<p>Longueur totale \u00e0 plat: 55 cm. Encolure: 22 cm.<\/p>\n<p>La mod\u00e8le mesure 1m71 et porte une taille S-36.<\/p>\n","protected":false},"excerpt":{"rendered":"<p>Blouse \u00e0 imprim\u00e9 fleurs de cerisier en coton avec un toucher \u00e9ponge-velours doux. Deux liens \u00e0 nouer sur le devant. Manches bouffantes.&hellip;<\/p>\n","protected":false},"featured_media":348886,"template":"","meta":[],"product_brand":[],"product_cat":[663,661],"product_tag":[],"class_list":{"0":"post-365434","1":"product","2":"type-product","3":"status-publish","4":"has-post-thumbnail","6":"product_cat-blouses","7":"product_cat-tout-voir","8":"pa_taille-l-40-2","9":"pa_taille-m-38-2","10":"pa_taille-s-36-2","11":"pa_taille-sur-mesure-fr-2","12":"pa_taille-xl-42-fr-2","13":"pa_taille-xs-34-2","15":"first","16":"outofstock","17":"taxable","18":"shipping-taxable","19":"purchasable","20":"product-type-variable"},"_links":{"self":[{"href":"https:\/\/maisoncleo.com\/fr\/wp-json\/wp\/v2\/product\/365434","targetHints":{"allow":["GET"]}}],"collection":[{"href":"https:\/\/maisoncleo.com\/fr\/wp-json\/wp\/v2\/product"}],"about":[{"href":"https:\/\/maisoncleo.com\/fr\/wp-json\/wp\/v2\/types\/product"}],"version-history":[{"count":1,"href":"https:\/\/maisoncleo.com\/fr\/wp-json\/wp\/v2\/product\/365434\/revisions"}],"predecessor-version":[{"id":365471,"href":"https:\/\/maisoncleo.com\/fr\/wp-json\/wp\/v2\/product\/365434\/revisions\/365471"}],"wp:featuredmedia":[{"embeddable":true,"href":"https:\/\/maisoncleo.com\/fr\/wp-json\/wp\/v2\/media\/348886"}],"wp:attachment":[{"href":"https:\/\/maisoncleo.com\/fr\/wp-json\/wp\/v2\/media?parent=365434"}],"wp:term":[{"taxonomy":"product_brand","embeddable":true,"href":"https:\/\/maisoncleo.com\/fr\/wp-json\/wp\/v2\/product_brand?post=365434"},{"taxonomy":"product_cat","embeddable":true,"href":"https:\/\/maisoncleo.com\/fr\/wp-json\/wp\/v2\/product_cat?post=365434"},{"taxonomy":"product_tag","embeddable":true,"href":"https:\/\/maisoncleo.com\/fr\/wp-json\/wp\/v2\/product_tag?post=365434"}],"curies":[{"name":"wp","href":"https:\/\/api.w.org\/{rel}","templated":true}]}}