{"id":365414,"date":"2024-09-10T03:44:11","date_gmt":"2024-09-10T15:58:22","guid":{"rendered":"https:\/\/maisoncleo.com\/\/?post_type=product&#038;p=365414"},"modified":"2025-07-23T09:05:48","modified_gmt":"2025-07-23T07:05:48","slug":"coup-de-foudre-ii-robe-dos-nu-fluide-volantee-en-soie-a-motif-cercles-lilas","status":"publish","type":"product","link":"https:\/\/maisoncleo.com\/fr\/shop\/coup-de-foudre-ii-robe-dos-nu-fluide-volantee-en-soie-a-motif-cercles-lilas\/","title":{"rendered":"COUP DE FOUDRE II &#8211; Robe dos nu fluide volant\u00e9e en soie \u00e0 motif cercles lilas"},"content":{"rendered":"<p>Robe dos nu fluide volant\u00e9e en soie \u00e0 motif cercles lilas. Votre robe pr\u00e9f\u00e9r\u00e9e est de retour dans un tout nouveau motif &lt;3<\/p>\n<p>Longs volants dans le dos. D\u00e9tails volants sur le tour de cou et les ourlets, finition bourdon. Fermeture \u00e0 un bouton. Coupe ample, soie fluide. 100% soie. Doubl\u00e9e en soie \u00e9crue.<\/p>\n<p>La petite robe \u00e0 porter absolument partout cet \u00e9t\u00e9 ! Nous pouvons faire 11 robes dans ce tissu.<\/p>\n<p>Nous avons besoin de 2 heures pour faire une robe.<\/p>\n<p>Variation de motif du LOOK 18 de notre d\u00e9fil\u00e9 \u201cCoup de foudre\u201d de mars 2023.<\/p>\n<p>Longueur totale \u00e0 plat: 75 cm. Profondeur de dos: 50 cm.<\/p>\n<p>La mod\u00e8le mesure 1m71 et porte une taille S-36.<\/p>\n","protected":false},"excerpt":{"rendered":"<p>Robe dos nu fluide volant\u00e9e en soie \u00e0 motif cercles lilas. Votre robe pr\u00e9f\u00e9r\u00e9e est de retour dans un tout nouveau motif&hellip;<\/p>\n","protected":false},"featured_media":348846,"template":"","meta":[],"product_brand":[],"product_cat":[664,661],"product_tag":[],"class_list":{"0":"post-365414","1":"product","2":"type-product","3":"status-publish","4":"has-post-thumbnail","6":"product_cat-robes","7":"product_cat-tout-voir","8":"pa_taille-l-40-2","9":"pa_taille-m-38-2","10":"pa_taille-s-36-2","11":"pa_taille-sur-mesure-fr-2","12":"pa_taille-xl-42-fr-2","13":"pa_taille-xs-34-2","15":"first","16":"instock","17":"taxable","18":"shipping-taxable","19":"purchasable","20":"product-type-variable"},"_links":{"self":[{"href":"https:\/\/maisoncleo.com\/fr\/wp-json\/wp\/v2\/product\/365414","targetHints":{"allow":["GET"]}}],"collection":[{"href":"https:\/\/maisoncleo.com\/fr\/wp-json\/wp\/v2\/product"}],"about":[{"href":"https:\/\/maisoncleo.com\/fr\/wp-json\/wp\/v2\/types\/product"}],"version-history":[{"count":1,"href":"https:\/\/maisoncleo.com\/fr\/wp-json\/wp\/v2\/product\/365414\/revisions"}],"predecessor-version":[{"id":365443,"href":"https:\/\/maisoncleo.com\/fr\/wp-json\/wp\/v2\/product\/365414\/revisions\/365443"}],"wp:featuredmedia":[{"embeddable":true,"href":"https:\/\/maisoncleo.com\/fr\/wp-json\/wp\/v2\/media\/348846"}],"wp:attachment":[{"href":"https:\/\/maisoncleo.com\/fr\/wp-json\/wp\/v2\/media?parent=365414"}],"wp:term":[{"taxonomy":"product_brand","embeddable":true,"href":"https:\/\/maisoncleo.com\/fr\/wp-json\/wp\/v2\/product_brand?post=365414"},{"taxonomy":"product_cat","embeddable":true,"href":"https:\/\/maisoncleo.com\/fr\/wp-json\/wp\/v2\/product_cat?post=365414"},{"taxonomy":"product_tag","embeddable":true,"href":"https:\/\/maisoncleo.com\/fr\/wp-json\/wp\/v2\/product_tag?post=365414"}],"curies":[{"name":"wp","href":"https:\/\/api.w.org\/{rel}","templated":true}]}}