{"id":365399,"date":"2024-09-10T03:44:11","date_gmt":"2024-09-10T15:57:37","guid":{"rendered":"https:\/\/maisoncleo.com\/\/?post_type=product&#038;p=365399"},"modified":"2024-09-10T21:18:34","modified_gmt":"2024-09-10T19:18:34","slug":"coup-de-foudre-ii-robe-babydoll-en-mousseline-soie-a-motif-de-fleurs","status":"publish","type":"product","link":"https:\/\/maisoncleo.com\/fr\/shop\/coup-de-foudre-ii-robe-babydoll-en-mousseline-soie-a-motif-de-fleurs\/","title":{"rendered":"COUP DE FOUDRE II &#8211; Robe babydoll en mousseline soie \u00e0 motif de fleurs"},"content":{"rendered":"<p>Robe babydoll en mousseline soie \u00e0 motif de fleurs.<\/p>\n<p>D\u00e9collet\u00e9e sur la poitrine et dans le dos, bretelles. Parsem\u00e9 de fleurs. Finitions bourdon. Coupe \u00e9vas\u00e9e. Mousseline de soie douce et fluide. Doubl\u00e9e en satin de soie ivoire.<\/p>\n<p>Nous pouvons faire 9 robes dans ce tissu.<\/p>\n<p>Variation de motif du LOOK 24 de notre d\u00e9fil\u00e9 \u201cCoup de foudre\u201d de mars 2023.<\/p>\n<p>Longueur avant \u00e0 plat: 64 cm. Longueur dos \u00e0 plat: 73 cm. Bretelles: 17 cm.<\/p>\n<p>La mod\u00e8le mesure 1m71 et porte une taille S-36.<\/p>\n","protected":false},"excerpt":{"rendered":"<p>Robe babydoll en mousseline soie \u00e0 motif de fleurs. D\u00e9collet\u00e9e sur la poitrine et dans le dos, bretelles. Parsem\u00e9 de fleurs. Finitions&hellip;<\/p>\n","protected":false},"featured_media":348828,"template":"","meta":[],"product_brand":[],"product_cat":[664,661],"product_tag":[],"class_list":{"0":"post-365399","1":"product","2":"type-product","3":"status-publish","4":"has-post-thumbnail","6":"product_cat-robes","7":"product_cat-tout-voir","8":"pa_taille-l-40-2","9":"pa_taille-m-38-2","10":"pa_taille-s-36-2","11":"pa_taille-sur-mesure-fr-2","12":"pa_taille-xl-42-fr-2","13":"pa_taille-xs-34-2","15":"first","16":"outofstock","17":"taxable","18":"shipping-taxable","19":"purchasable","20":"product-type-variable"},"_links":{"self":[{"href":"https:\/\/maisoncleo.com\/fr\/wp-json\/wp\/v2\/product\/365399","targetHints":{"allow":["GET"]}}],"collection":[{"href":"https:\/\/maisoncleo.com\/fr\/wp-json\/wp\/v2\/product"}],"about":[{"href":"https:\/\/maisoncleo.com\/fr\/wp-json\/wp\/v2\/types\/product"}],"version-history":[{"count":1,"href":"https:\/\/maisoncleo.com\/fr\/wp-json\/wp\/v2\/product\/365399\/revisions"}],"predecessor-version":[{"id":365442,"href":"https:\/\/maisoncleo.com\/fr\/wp-json\/wp\/v2\/product\/365399\/revisions\/365442"}],"wp:featuredmedia":[{"embeddable":true,"href":"https:\/\/maisoncleo.com\/fr\/wp-json\/wp\/v2\/media\/348828"}],"wp:attachment":[{"href":"https:\/\/maisoncleo.com\/fr\/wp-json\/wp\/v2\/media?parent=365399"}],"wp:term":[{"taxonomy":"product_brand","embeddable":true,"href":"https:\/\/maisoncleo.com\/fr\/wp-json\/wp\/v2\/product_brand?post=365399"},{"taxonomy":"product_cat","embeddable":true,"href":"https:\/\/maisoncleo.com\/fr\/wp-json\/wp\/v2\/product_cat?post=365399"},{"taxonomy":"product_tag","embeddable":true,"href":"https:\/\/maisoncleo.com\/fr\/wp-json\/wp\/v2\/product_tag?post=365399"}],"curies":[{"name":"wp","href":"https:\/\/api.w.org\/{rel}","templated":true}]}}