{"id":365378,"date":"2024-09-10T03:43:48","date_gmt":"2024-09-10T15:57:14","guid":{"rendered":"https:\/\/maisoncleo.com\/\/?post_type=product&#038;p=365378"},"modified":"2024-09-10T21:18:29","modified_gmt":"2024-09-10T19:18:29","slug":"fw23-runway-look-34-voile-de-mariee-en-organza-de-soie-creme","status":"publish","type":"product","link":"https:\/\/maisoncleo.com\/fr\/shop\/fw23-runway-look-34-voile-de-mariee-en-organza-de-soie-creme\/","title":{"rendered":"FW23 RUNWAY LOOK 34 &#8211; Voile de mari\u00e9e en organza de soie cr\u00e8me"},"content":{"rendered":"<p>Voile en organza de soie cr\u00e8me. A attacher dans les cheveux avec une pince \u00e0 cheveux (non fourni).<\/p>\n<p>Habille notre robe de mari\u00e9e du LOOK 34 &lt;3<\/p>\n<p>LOOK 34 de notre d\u00e9fil\u00e9 \u201cCoup de foudre\u201d de Mars 2023.<\/p>\n","protected":false},"excerpt":{"rendered":"<p>Voile en organza de soie cr\u00e8me. A attacher dans les cheveux avec une pince \u00e0 cheveux (non fourni). Habille notre robe de&hellip;<\/p>\n","protected":false},"featured_media":348795,"template":"","meta":[],"product_brand":[],"product_cat":[651,656,667,958,661],"product_tag":[],"class_list":{"0":"post-365378","1":"product","2":"type-product","3":"status-publish","4":"has-post-thumbnail","6":"product_cat-accessoires","7":"product_cat-accessoires-cheveux","8":"product_cat-dernieres-pieces","9":"product_cat-mariage-selection","10":"product_cat-tout-voir","11":"pa_taille-taille-unique-2","13":"first","14":"instock","15":"taxable","16":"shipping-taxable","17":"purchasable","18":"product-type-variable"},"_links":{"self":[{"href":"https:\/\/maisoncleo.com\/fr\/wp-json\/wp\/v2\/product\/365378","targetHints":{"allow":["GET"]}}],"collection":[{"href":"https:\/\/maisoncleo.com\/fr\/wp-json\/wp\/v2\/product"}],"about":[{"href":"https:\/\/maisoncleo.com\/fr\/wp-json\/wp\/v2\/types\/product"}],"version-history":[{"count":1,"href":"https:\/\/maisoncleo.com\/fr\/wp-json\/wp\/v2\/product\/365378\/revisions"}],"predecessor-version":[{"id":365401,"href":"https:\/\/maisoncleo.com\/fr\/wp-json\/wp\/v2\/product\/365378\/revisions\/365401"}],"wp:featuredmedia":[{"embeddable":true,"href":"https:\/\/maisoncleo.com\/fr\/wp-json\/wp\/v2\/media\/348795"}],"wp:attachment":[{"href":"https:\/\/maisoncleo.com\/fr\/wp-json\/wp\/v2\/media?parent=365378"}],"wp:term":[{"taxonomy":"product_brand","embeddable":true,"href":"https:\/\/maisoncleo.com\/fr\/wp-json\/wp\/v2\/product_brand?post=365378"},{"taxonomy":"product_cat","embeddable":true,"href":"https:\/\/maisoncleo.com\/fr\/wp-json\/wp\/v2\/product_cat?post=365378"},{"taxonomy":"product_tag","embeddable":true,"href":"https:\/\/maisoncleo.com\/fr\/wp-json\/wp\/v2\/product_tag?post=365378"}],"curies":[{"name":"wp","href":"https:\/\/api.w.org\/{rel}","templated":true}]}}