{"id":365264,"date":"2024-09-10T03:36:50","date_gmt":"2024-09-10T15:53:11","guid":{"rendered":"https:\/\/maisoncleo.com\/\/?post_type=product&#038;p=365264"},"modified":"2024-09-10T21:18:26","modified_gmt":"2024-09-10T19:18:26","slug":"coup-de-foudre-defile-look-1-mini-jupe-coeur-en-denim-bleu-clair","status":"publish","type":"product","link":"https:\/\/maisoncleo.com\/fr\/shop\/coup-de-foudre-defile-look-1-mini-jupe-coeur-en-denim-bleu-clair\/","title":{"rendered":"COUP DE FOUDRE d\u00e9fil\u00e9 LOOK 1 &#8211; Mini jupe coeur en denim bleu clair"},"content":{"rendered":"<p>Mini jupe coeur en denim bleu clair.<\/p>\n<p>D\u00e9tails de surpiq\u00fbres blanches. Gros coeur plaqu\u00e9 sur le devant. Fermeture \u00e9clair dans le dos. Coupe trap\u00e8ze.<\/p>\n<p>LOOK 1 de notre d\u00e9fil\u00e9 \u201cCoup de foudre\u201d de mars 2023.<\/p>\n<p>Longueur totale \u00e0 plat: 35,5 cm.<\/p>\n<p>La mod\u00e8le mesure 1m71 et porte une taille S-36.<\/p>\n","protected":false},"excerpt":{"rendered":"<p>Mini jupe coeur en denim bleu clair. D\u00e9tails de surpiq\u00fbres blanches. Gros coeur plaqu\u00e9 sur le devant. Fermeture \u00e9clair dans le dos.&hellip;<\/p>\n","protected":false},"featured_media":348657,"template":"","meta":[],"product_brand":[],"product_cat":[667,672,661],"product_tag":[],"class_list":{"0":"post-365264","1":"product","2":"type-product","3":"status-publish","4":"has-post-thumbnail","6":"product_cat-dernieres-pieces","7":"product_cat-jupes","8":"product_cat-tout-voir","9":"pa_taille-l-40-2","10":"pa_taille-m-38-2","11":"pa_taille-s-36-2","12":"pa_taille-sur-mesure-fr-2","13":"pa_taille-xl-42-fr-2","14":"pa_taille-xs-34-2","16":"first","17":"instock","18":"taxable","19":"shipping-taxable","20":"purchasable","21":"product-type-variable"},"_links":{"self":[{"href":"https:\/\/maisoncleo.com\/fr\/wp-json\/wp\/v2\/product\/365264","targetHints":{"allow":["GET"]}}],"collection":[{"href":"https:\/\/maisoncleo.com\/fr\/wp-json\/wp\/v2\/product"}],"about":[{"href":"https:\/\/maisoncleo.com\/fr\/wp-json\/wp\/v2\/types\/product"}],"version-history":[{"count":1,"href":"https:\/\/maisoncleo.com\/fr\/wp-json\/wp\/v2\/product\/365264\/revisions"}],"predecessor-version":[{"id":365300,"href":"https:\/\/maisoncleo.com\/fr\/wp-json\/wp\/v2\/product\/365264\/revisions\/365300"}],"wp:featuredmedia":[{"embeddable":true,"href":"https:\/\/maisoncleo.com\/fr\/wp-json\/wp\/v2\/media\/348657"}],"wp:attachment":[{"href":"https:\/\/maisoncleo.com\/fr\/wp-json\/wp\/v2\/media?parent=365264"}],"wp:term":[{"taxonomy":"product_brand","embeddable":true,"href":"https:\/\/maisoncleo.com\/fr\/wp-json\/wp\/v2\/product_brand?post=365264"},{"taxonomy":"product_cat","embeddable":true,"href":"https:\/\/maisoncleo.com\/fr\/wp-json\/wp\/v2\/product_cat?post=365264"},{"taxonomy":"product_tag","embeddable":true,"href":"https:\/\/maisoncleo.com\/fr\/wp-json\/wp\/v2\/product_tag?post=365264"}],"curies":[{"name":"wp","href":"https:\/\/api.w.org\/{rel}","templated":true}]}}